{"id":5802,"date":"2021-03-24T10:03:38","date_gmt":"2021-03-24T10:03:38","guid":{"rendered":"http:\/\/argilescolades.com\/clays\/micronized-clay-pen-f-red\/"},"modified":"2021-03-24T10:03:39","modified_gmt":"2021-03-24T10:03:39","slug":"micronized-clay-pen-f-red","status":"publish","type":"page","link":"https:\/\/argilescolades.com\/en\/clays\/micronized-clay-pen-f-red\/","title":{"rendered":"MICRONIZED CLAY PEN F RED"},"content":{"rendered":"<p>[vc_row][vc_column][vc_single_image image=&#8221;3312&#8243; img_size=&#8221;large&#8221; alignment=&#8221;center&#8221;][vc_empty_space][\/vc_column][\/vc_row][vc_row][vc_column][vc_column_text]<\/p>\n<h1>CHEMICAL ANALYSIS MICRONIZED CLAY PEN F RED<\/h1>\n<h2>Chemical composition (Elemental analysis in %)<\/h2>\n<p class=\"poligaletesp\">MnO &#8211; 0,31%<\/p>\n<p class=\"poligaletesp\">Al2O3 &#8211; 23,32%<\/p>\n<p class=\"poligaletesp\">SiO2 &#8211; 56,53%<\/p>\n<p class=\"poligaletesp\">K2O &#8211; 0.64%<\/p>\n<p class=\"poligaletesp\">CaO &#8211; 0,40%<\/p>\n<p class=\"poligaletesp\">Fe2O3 &#8211; 10,39%<\/p>\n<h2>An\u00e0lisis Racional (An\u00e0lisi Elemental expressat en %)<\/h2>\n<p class=\"poligaletesp\">Caolinita &#8211; 49%<\/p>\n<p class=\"poligaletesp\">Quars &#8211; 42%<\/p>\n<p class=\"poligaletesp\">Feldspat Pot\u00e0ssic &#8211; 2%<\/p>\n<p class=\"poligaletesp\">Plagi\u00f2clasis &#8211; 1%<\/p>\n<p class=\"poligaletesp\">Hematita &#8211; 6%<\/p>\n<h2>Granulometry (Elemental Analysis expressed in meters and% of particles)<\/h2>\n<p class=\"poligaletesp\">125 &#8211; 6,13%<\/p>\n<p class=\"poligaletesp\">90 &#8211; 6,81%<\/p>\n<p class=\"poligaletesp\">63 &#8211; 9,71%<\/p>\n<p class=\"poligaletesp\">45 &#8211; 13,53%<\/p>\n<p class=\"poligaletesp\">36- 36,02%<\/p>\n<p class=\"poligaletesp\">0 &#8211; 27,01%<\/p>\n<h2>Physical-mechanical characteristics<\/h2>\n<p class=\"poligaletesp\">APPARENT DENSITY: 2,61g\/cm3<\/p>\n<p class=\"poligaletesp\">LOSS OF FIRE: 8,40%<\/p>\n<p>[\/vc_column_text][\/vc_column][\/vc_row][vc_row][vc_column][vc_empty_space][vc_btn title=&#8221;Download technical datasheet&#8221; color=&#8221;black&#8221; align=&#8221;center&#8221; link=&#8221;url:http%3A%2F%2Fargilescolades.com%2Fwp-content%2Fuploads%2F2021%2F01%2FVERMELLA_fitxatecnica.pdf|target:_blank|&#8221;][\/vc_column][\/vc_row]<\/p>\n","protected":false},"excerpt":{"rendered":"<p>[vc_row][vc_column][vc_single_image image=&#8221;3312&#8243; img_size=&#8221;large&#8221; alignment=&#8221;center&#8221;][vc_empty_space][\/vc_column][\/vc_row][vc_row][vc_column][vc_column_text] CHEMICAL ANALYSIS MICRONIZED CLAY PEN F RED Chemical composition (Elemental analysis in %) MnO &#8211; 0,31% Al2O3 &#8211; 23,32% SiO2 &#8211; 56,53% K2O &#8211; 0.64% CaO &#8211; 0,40% Fe2O3 &#8211; 10,39% An\u00e0lisis Racional (An\u00e0lisi Elemental expressat en %) Caolinita &#8211; 49% Quars &#8211; 42% Feldspat Pot\u00e0ssic &#8211; 2% Plagi\u00f2clasis &#8211; 1% [&hellip;]<\/p>\n","protected":false},"author":1,"featured_media":5527,"parent":5786,"menu_order":0,"comment_status":"closed","ping_status":"closed","template":"","meta":[],"categories":[115],"tags":[],"_links":{"self":[{"href":"https:\/\/argilescolades.com\/en\/wp-json\/wp\/v2\/pages\/5802"}],"collection":[{"href":"https:\/\/argilescolades.com\/en\/wp-json\/wp\/v2\/pages"}],"about":[{"href":"https:\/\/argilescolades.com\/en\/wp-json\/wp\/v2\/types\/page"}],"author":[{"embeddable":true,"href":"https:\/\/argilescolades.com\/en\/wp-json\/wp\/v2\/users\/1"}],"replies":[{"embeddable":true,"href":"https:\/\/argilescolades.com\/en\/wp-json\/wp\/v2\/comments?post=5802"}],"version-history":[{"count":1,"href":"https:\/\/argilescolades.com\/en\/wp-json\/wp\/v2\/pages\/5802\/revisions"}],"predecessor-version":[{"id":5803,"href":"https:\/\/argilescolades.com\/en\/wp-json\/wp\/v2\/pages\/5802\/revisions\/5803"}],"up":[{"embeddable":true,"href":"https:\/\/argilescolades.com\/en\/wp-json\/wp\/v2\/pages\/5786"}],"wp:featuredmedia":[{"embeddable":true,"href":"https:\/\/argilescolades.com\/en\/wp-json\/wp\/v2\/media\/5527"}],"wp:attachment":[{"href":"https:\/\/argilescolades.com\/en\/wp-json\/wp\/v2\/media?parent=5802"}],"wp:term":[{"taxonomy":"category","embeddable":true,"href":"https:\/\/argilescolades.com\/en\/wp-json\/wp\/v2\/categories?post=5802"},{"taxonomy":"post_tag","embeddable":true,"href":"https:\/\/argilescolades.com\/en\/wp-json\/wp\/v2\/tags?post=5802"}],"curies":[{"name":"wp","href":"https:\/\/api.w.org\/{rel}","templated":true}]}}