{"id":3800,"date":"2021-03-22T12:48:07","date_gmt":"2021-03-22T12:48:07","guid":{"rendered":"http:\/\/argilescolades.com\/home\/"},"modified":"2021-03-22T13:08:52","modified_gmt":"2021-03-22T13:08:52","slug":"home","status":"publish","type":"page","link":"https:\/\/argilescolades.com\/es\/","title":{"rendered":"Home"},"content":{"rendered":"<p>[vc_row][vc_column][rev_slider_vc alias=\u00bbhome\u00bb][\/vc_column][\/vc_row][vc_row][vc_column][vc_separator][\/vc_column][\/vc_row][vc_row full_width=\u00bbstretch_row_content_no_spaces\u00bb equal_height=\u00bbyes\u00bb column_same_height=\u00bbyes\u00bb custom_responsive=\u00bbsmall-1-column\u00bb custom_row_image=\u00bb591&#8243; css=\u00bb.vc_custom_1520273179561{background-color: #ffffff !important;}\u00bb][vc_column offset=\u00bbvc_col-lg-12 vc_col-md-12&#8243; css=\u00bb.vc_custom_1611920998164{padding-right: 20px !important;padding-left: 20px !important;}\u00bb][vc_empty_space height=\u00bb80px\u00bb][cms_heading hd_subtitle=\u00bbLa experiencia en el proceso, nuestro valor m\u00e1s preciado.\u00bb subtitle_color=\u00bb#0a0a0a\u00bb hd_title=\u00bbNUESTROS PRODUCTOS\u00bb title_color=\u00bb#0a0a0a\u00bb hd_description=\u00bbGracias a nuestra experiencia en los procesos, elaboramos mas de 6 variantes de arcilla y podemos crear compuestos para todo tipo de demandas.\u00bb description_color=\u00bb#000000&#8243; content_align=\u00bbleft\u00bb custom_class=\u00bbtitolnostresproductes\u00bb cms_template=\u00bbcms_heading&#8211;layout3.php\u00bb][vc_empty_space height=\u00bb20px\u00bb][vc_row_inner][vc_column_inner el_class=\u00bbnostresproductescolumna\u00bb width=\u00bb1\/2&#8243;][cms_fancybox_single title_item=\u00bbArcillas\u00bb desc_color=\u00bb#000000&#8243; description_item=\u00bbSe caracterizan por adquirir plasticidad, al ser mezcladas con agua, as\u00ed como sonoridad y dureza al ser cocidas por sobre los 800 \u00baC.\u00bb cms_template=\u00bbcms_fancybox_single&#8211;layout1.php\u00bb][vc_empty_space height=\u00bb22px\u00bb][cms_fancybox_single icon_type=\u00bblinecons\u00bb title_item=\u00bbMorteros\u00bb desc_color=\u00bb#000000&#8243; description_item=\u00bbEs un compuesto de conglomerados inorg\u00e1nicos, agregados finos y agua, y posibles aditivos, que sirven para aparejar elementos de construcci\u00f3n como ladrillos, piedras, bloques de hormig\u00f3n, etc.\u00bb cms_template=\u00bbcms_fancybox_single&#8211;layout1.php\u00bb][\/vc_column_inner][vc_column_inner el_class=\u00bbnostresproductescolumna\u00bb width=\u00bb1\/2&#8243;][cms_fancybox_single icon_type=\u00bbtypicons\u00bb title_item=\u00bbPastas cer\u00e1micas\u00bb desc_color=\u00bb#000000&#8243; description_item=\u00bbLa pasta cer\u00e1mica es un tipo de mezcla constituida por arcilla, desengrasante y fundente, con mejor vitrificaci\u00f3n y la disminuci\u00f3n de la porosidad.\u00bb cms_template=\u00bbcms_fancybox_single&#8211;layout1.php\u00bb][vc_empty_space height=\u00bb22px\u00bb][cms_fancybox_single icon_type=\u00bblinecons\u00bb title_item=\u00bbChamotas\u00bb desc_color=\u00bb#000000&#8243; description_item=\u00bbMaterial granular obtenido de la polvorizaci\u00f3n de ladrillos, piedras refractarias o otros productos cer\u00e1micos cocidos. Tiene un alto porcentaje de s\u00edlice y al\u00famina.\u00bb cms_template=\u00bbcms_fancybox_single&#8211;layout1.php\u00bb][\/vc_column_inner][\/vc_row_inner][vc_empty_space height=\u00bb70px\u00bb][vc_text_separator title=\u00bbArcillas\u00bb css=\u00bb.vc_custom_1611316724562{margin-bottom: 30px !important;}\u00bb][\/vc_column][\/vc_row][vc_row][vc_column][vc_basic_grid post_type=\u00bbpage\u00bb max_items=\u00bb10&#8243; element_width=\u00bb3&#8243; orderby=\u00bbtitle\u00bb order=\u00bbASC\u00bb item=\u00bb3575&#8243; grid_id=\u00bbvc_gid:1616417747680-19e65161-5e9a-6&#8243; taxonomies=\u00bb67&#8243; exclude=\u00bb3596&#8243;][vc_text_separator title=\u00bbPastas cer\u00e1micas\u00bb css=\u00bb.vc_custom_1611316737441{margin-top: 50px !important;margin-bottom: 30px !important;}\u00bb][vc_basic_grid post_type=\u00bbpage\u00bb max_items=\u00bb10&#8243; element_width=\u00bb3&#8243; orderby=\u00bbtitle\u00bb order=\u00bbASC\u00bb item=\u00bb3575&#8243; grid_id=\u00bbvc_gid:1616417747683-ccb29dcd-21d6-4&#8243; taxonomies=\u00bb69&#8243; exclude=\u00bb3605&#8243;][\/vc_column][\/vc_row][vc_row][vc_column][vc_empty_space][vc_text_separator title=\u00bbMorteros\u00bb css=\u00bb.vc_custom_1611316437169{margin-top: 50px !important;}\u00bb][vc_basic_grid post_type=\u00bbpage\u00bb max_items=\u00bb10&#8243; element_width=\u00bb3&#8243; orderby=\u00bbtitle\u00bb order=\u00bbASC\u00bb item=\u00bb3575&#8243; grid_id=\u00bbvc_gid:1616417747685-ddc028f0-9f95-0&#8243; taxonomies=\u00bb71&#8243; exclude=\u00bb3746&#8243;][\/vc_column][\/vc_row][vc_row][vc_column][vc_empty_space height=\u00bb40px\u00bb][\/vc_column][\/vc_row][vc_row full_width=\u00bbstretch_row\u00bb parallax=\u00bbcontent-moving\u00bb parallax_image=\u00bb183&#8243; cms_row_class=\u00bbrow-overlay\u00bb background_overlay_color=\u00bbyes\u00bb css=\u00bb.vc_custom_1506523194317{padding-top: 86px !important;padding-bottom: 90px !important;background-color: rgba(26,26,26,0.85) !important;background-position: center;background-repeat: no-repeat;background-size:cover;*background-color:gb(26,26,26);}\u00bb row_overlay_color=\u00bbrgba(27,26,26,0.86)\u00bb][vc_column][cms_heading hd_subtitle=\u00bb Haznos\u00bb subtitle_color=\u00bb#e5e4e4&#8243; hd_title=\u00bbTU CONSULTA\u00bb title_color=\u00bb#ffffff\u00bb hd_description=\u00bbHaznos tu consulta y te ayudaremos lo m\u00e1s r\u00e1pido posible.\u00bb description_color=\u00bb#ffffff\u00bb text_color=\u00bb#ffffff\u00bb cms_template=\u00bbcms_heading.php\u00bb][vc_empty_space height=\u00bb42px\u00bb]<div role=\"form\" class=\"wpcf7\" id=\"wpcf7-f3806-o1\" lang=\"es-ES\" dir=\"ltr\">\n<div class=\"screen-reader-response\"><p role=\"status\" aria-live=\"polite\" aria-atomic=\"true\"><\/p> <ul><\/ul><\/div>\n<form action=\"\/es\/wp-json\/wp\/v2\/pages\/3800#wpcf7-f3806-o1\" method=\"post\" class=\"wpcf7-form init\" novalidate=\"novalidate\" data-status=\"init\">\n<div style=\"display: none;\">\n<input type=\"hidden\" name=\"_wpcf7\" value=\"3806\" \/>\n<input type=\"hidden\" name=\"_wpcf7_version\" value=\"5.4.2\" \/>\n<input type=\"hidden\" name=\"_wpcf7_locale\" value=\"es_ES\" \/>\n<input type=\"hidden\" name=\"_wpcf7_unit_tag\" value=\"wpcf7-f3806-o1\" \/>\n<input type=\"hidden\" name=\"_wpcf7_container_post\" value=\"0\" \/>\n<input type=\"hidden\" name=\"_wpcf7_posted_data_hash\" value=\"\" \/>\n<input type=\"hidden\" name=\"_wpcf7_recaptcha_response\" value=\"\" \/>\n<\/div>\n<div class=\"form-practice\">\n<div class=\"row\">\n<div class=\"col-xs-12 col-sm-6 col-md-6 col-lg-6\">\n<div class=\"wpcf7-form-item\"><span class=\"wpcf7-form-control-wrap text-744\"><input type=\"text\" name=\"text-744\" value=\"\" size=\"40\" class=\"wpcf7-form-control wpcf7-text\" aria-invalid=\"false\" placeholder=\"NOMBRE\" \/><\/span><\/div>\n<\/div>\n<div class=\"col-xs-12 col-sm-6 col-md-6 col-lg-6\">\n<div class=\"wpcf7-form-item\"><span class=\"wpcf7-form-control-wrap email\"><input type=\"email\" name=\"email\" value=\"\" size=\"40\" class=\"wpcf7-form-control wpcf7-text wpcf7-email wpcf7-validates-as-required wpcf7-validates-as-email\" aria-required=\"true\" aria-invalid=\"false\" placeholder=\"EMAIL\" \/><\/span><\/div>\n<\/div>\n<\/div>\n<div class=\"row\">\n<div class=\"col-xs-12 col-sm-12 col-md-12 col-lg-12 clearfix\">\n<div class=\"wpcf7-form-item\"><span class=\"wpcf7-form-control-wrap message\"><textarea name=\"message\" cols=\"40\" rows=\"10\" class=\"wpcf7-form-control wpcf7-textarea wpcf7-validates-as-required\" aria-required=\"true\" aria-invalid=\"false\" placeholder=\"MENSAJE\"><\/textarea><\/span><\/div>\n<\/div>\n<div class=\"col-xs-12 col-sm-12 col-md-12 col-lg-12 clearfix\">\n<div class=\"wpcf7-form-item\"><span class=\"wpcf7-form-control-wrap acceptance-503\"><span class=\"wpcf7-form-control wpcf7-acceptance optional\"><span class=\"wpcf7-list-item\"><label><input type=\"checkbox\" name=\"acceptance-503\" value=\"1\" aria-invalid=\"false\" \/><span class=\"wpcf7-list-item-label\">He leido y acepto la <a href=\"http:\/\/argilescolades.com\/politica-de-privadesa\" rel=\"noopener nofollow noreferrer\" target=\"_blank\">pol\u00edtica de privacidad<\/a><\/span><\/label><\/span><\/span><\/span><\/div>\n<\/div>\n<div class=\"col-xs-12 col-sm-12 col-md-12 col-lg-12 clearfix\" style=\"margin-bottom:30px;\">\n<span class=\"wpcf7-form-control-wrap recaptcha\" data-name=\"recaptcha\"><span data-sitekey=\"6Lf5dzcaAAAAALLwxidEZEIDh7MCKRoJzwMCQOmR\" class=\"wpcf7-form-control g-recaptcha wpcf7-recaptcha\"><\/span>\r\n<noscript>\r\n\t<div class=\"grecaptcha-noscript\">\r\n\t\t<iframe src=\"https:\/\/www.google.com\/recaptcha\/api\/fallback?k=6Lf5dzcaAAAAALLwxidEZEIDh7MCKRoJzwMCQOmR\" frameborder=\"0\" scrolling=\"no\" width=\"310\" height=\"430\">\r\n\t\t<\/iframe>\r\n\t\t<textarea name=\"g-recaptcha-response\" rows=\"3\" cols=\"40\" placeholder=\"Aqu\u00ed la respuesta de reCAPTCHA\">\r\n\t\t<\/textarea>\r\n\t<\/div>\r\n<\/noscript>\r\n<\/span>\n<\/div>\n<\/div>\n<div class=\"row\">\n<div class=\"col-xs-12 col-sm-4 col-md-3 col-lg-3\" style=\"padding-right: 30px;\">\n             <input type=\"submit\" value=\"Envia\" class=\"wpcf7-form-control wpcf7-submit btn btn-primary btn-lg\" \/>\n      <\/div>\n<\/div>\n<\/div>\n<div class=\"wpcf7-response-output\" aria-hidden=\"true\"><\/div><\/form><\/div>[\/vc_column][\/vc_row]<\/p>\n","protected":false},"excerpt":{"rendered":"<p>[vc_row][vc_column][rev_slider_vc alias=\u00bbhome\u00bb][\/vc_column][\/vc_row][vc_row][vc_column][vc_separator][\/vc_column][\/vc_row][vc_row full_width=\u00bbstretch_row_content_no_spaces\u00bb equal_height=\u00bbyes\u00bb column_same_height=\u00bbyes\u00bb custom_responsive=\u00bbsmall-1-column\u00bb custom_row_image=\u00bb591&#8243; css=\u00bb.vc_custom_1520273179561{background-color: #ffffff !important;}\u00bb][vc_column offset=\u00bbvc_col-lg-12 vc_col-md-12&#8243; css=\u00bb.vc_custom_1611920998164{padding-right: 20px !important;padding-left: 20px !important;}\u00bb][vc_empty_space height=\u00bb80px\u00bb][cms_heading hd_subtitle=\u00bbLa experiencia en el proceso, nuestro valor m\u00e1s preciado.\u00bb subtitle_color=\u00bb#0a0a0a\u00bb hd_title=\u00bbNUESTROS PRODUCTOS\u00bb title_color=\u00bb#0a0a0a\u00bb hd_description=\u00bbGracias a nuestra experiencia en los procesos, elaboramos mas de 6 variantes de arcilla y podemos crear compuestos para todo tipo de demandas.\u00bb description_color=\u00bb#000000&#8243; [&hellip;]<\/p>\n","protected":false},"author":1,"featured_media":0,"parent":0,"menu_order":0,"comment_status":"closed","ping_status":"closed","template":"","meta":[],"categories":[],"tags":[],"_links":{"self":[{"href":"https:\/\/argilescolades.com\/es\/wp-json\/wp\/v2\/pages\/3800"}],"collection":[{"href":"https:\/\/argilescolades.com\/es\/wp-json\/wp\/v2\/pages"}],"about":[{"href":"https:\/\/argilescolades.com\/es\/wp-json\/wp\/v2\/types\/page"}],"author":[{"embeddable":true,"href":"https:\/\/argilescolades.com\/es\/wp-json\/wp\/v2\/users\/1"}],"replies":[{"embeddable":true,"href":"https:\/\/argilescolades.com\/es\/wp-json\/wp\/v2\/comments?post=3800"}],"version-history":[{"count":5,"href":"https:\/\/argilescolades.com\/es\/wp-json\/wp\/v2\/pages\/3800\/revisions"}],"predecessor-version":[{"id":3805,"href":"https:\/\/argilescolades.com\/es\/wp-json\/wp\/v2\/pages\/3800\/revisions\/3805"}],"wp:attachment":[{"href":"https:\/\/argilescolades.com\/es\/wp-json\/wp\/v2\/media?parent=3800"}],"wp:term":[{"taxonomy":"category","embeddable":true,"href":"https:\/\/argilescolades.com\/es\/wp-json\/wp\/v2\/categories?post=3800"},{"taxonomy":"post_tag","embeddable":true,"href":"https:\/\/argilescolades.com\/es\/wp-json\/wp\/v2\/tags?post=3800"}],"curies":[{"name":"wp","href":"https:\/\/api.w.org\/{rel}","templated":true}]}}