{"id":3807,"date":"2021-03-23T10:59:36","date_gmt":"2021-03-23T10:59:36","guid":{"rendered":"http:\/\/argilescolades.com\/arcilla-micronizada-caolin-md-25\/"},"modified":"2021-03-23T18:16:52","modified_gmt":"2021-03-23T18:16:52","slug":"arcilla-micronizada-caolin-md-25","status":"publish","type":"page","link":"https:\/\/argilescolades.com\/es\/arcillas\/arcilla-micronizada-caolin-md-25\/","title":{"rendered":"ARCILLA MICRONIZADA CAOL\u00cdN MD-25"},"content":{"rendered":"<p>[vc_row][vc_column][vc_single_image image=\u00bb3659&#8243; img_size=\u00bblarge\u00bb alignment=\u00bbcenter\u00bb][vc_empty_space][\/vc_column][\/vc_row][vc_row][vc_column][vc_column_text]<\/p>\n<h1>AN\u00c0LISIS QU\u00cdMICO ARCILLA MICRONIZADA CAOL\u00cdN MD-25<\/h1>\n<h2>Composici\u00f3n Qu\u00edmica (An\u00e1lisis Elemental expresado en %)<\/h2>\n<p class=\"poligaletesp\">SiO2 &#8211; 55,69%<\/p>\n<p class=\"poligaletesp\">Al2O3 &#8211; 29,87%<\/p>\n<p class=\"poligaletesp\">Fe2O3 &#8211; 1,22%<\/p>\n<p class=\"poligaletesp\">TiO2 &#8211; 0,40%<\/p>\n<p class=\"poligaletesp\">Na2O &#8211; 0,15%<\/p>\n<p class=\"poligaletesp\">K2O &#8211; 3.34%<\/p>\n<p class=\"poligaletesp\">MgO &#8211; 0,22%<\/p>\n<p class=\"poligaletesp\">CaO &#8211; 0,13%<\/p>\n<p class=\"poligaletesp\">MnO &#8211; &lt;0,01%<\/p>\n<p class=\"poligaletesp\">P2O5 &#8211; 0,05%<\/p>\n<p class=\"poligaletesp\">BaO &#8211; 0,04%<\/p>\n<h2>An\u00e1lisis Racional (An\u00e1lisi Elemental expresado en %)<\/h2>\n<p class=\"poligaletesp\">Caolinita &#8211; 69%<\/p>\n<p class=\"poligaletesp\">Quars &#8211; 9%<\/p>\n<p class=\"poligaletesp\">Feldspat Pot\u00e0ssic &#8211; 13%<\/p>\n<p class=\"poligaletesp\">Moscovita &#8211; 8%<\/p>\n<p class=\"poligaletesp\">Calcita &#8211; &lt; 1%<\/p>\n<p class=\"poligaletesp\">Otros &#8211; 1%<\/p>\n<h2>Granulometria (An\u00e1lisi elemental expresado en micras y % de part\u00edculas)<\/h2>\n<p class=\"poligaletesp\">40 &#8211; 98,90%<\/p>\n<p class=\"poligaletesp\">20 &#8211; 96,80%<\/p>\n<p class=\"poligaletesp\">10 &#8211; 85,50%<\/p>\n<p class=\"poligaletesp\">6 &#8211; 74%<\/p>\n<p class=\"poligaletesp\">4 &#8211; 63,90%<\/p>\n<p class=\"poligaletesp\">2 &#8211; 46,20%<\/p>\n<p class=\"poligaletesp\">1 &#8211; 32,80%<\/p>\n<p class=\"poligaletesp\">0,5 &#8211; 21,01%<\/p>\n<h2>Carecter\u00edsticas f\u00edsio-mec\u00e0nicas<\/h2>\n<p class=\"poligaletesp\">DENSIDAD APARENT: 2,61g\/cm3<\/p>\n<p class=\"poligaletesp\">P\u00c8RDIDA AL FUEGO: 9,74%<\/p>\n<p class=\"poligaletesp\">BLANCURA: &gt; 80%<\/p>\n<p>[\/vc_column_text][\/vc_column][\/vc_row][vc_row][vc_column][vc_empty_space][vc_btn title=\u00bbDescargar Ficha\u00bb color=\u00bbblack\u00bb align=\u00bbcenter\u00bb link=\u00bburl:http%3A%2F%2Fargilescolades.com%2Fwp-content%2Fuploads%2F2021%2F01%2FCAOLIMD25_fitxatecnica.pdf|target:_blank|\u00bb][\/vc_column][\/vc_row]<\/p>\n","protected":false},"excerpt":{"rendered":"<p>[vc_row][vc_column][vc_single_image image=\u00bb3659&#8243; img_size=\u00bblarge\u00bb alignment=\u00bbcenter\u00bb][vc_empty_space][\/vc_column][\/vc_row][vc_row][vc_column][vc_column_text] AN\u00c0LISIS QU\u00cdMICO ARCILLA MICRONIZADA CAOL\u00cdN MD-25 Composici\u00f3n Qu\u00edmica (An\u00e1lisis Elemental expresado en %) SiO2 &#8211; 55,69% Al2O3 &#8211; 29,87% Fe2O3 &#8211; 1,22% TiO2 &#8211; 0,40% Na2O &#8211; 0,15% K2O &#8211; 3.34% MgO &#8211; 0,22% CaO &#8211; 0,13% MnO &#8211; &lt;0,01% P2O5 &#8211; 0,05% BaO &#8211; 0,04% An\u00e1lisis Racional (An\u00e1lisi Elemental expresado [&hellip;]<\/p>\n","protected":false},"author":1,"featured_media":5691,"parent":3810,"menu_order":0,"comment_status":"closed","ping_status":"closed","template":"","meta":[],"categories":[110],"tags":[],"_links":{"self":[{"href":"https:\/\/argilescolades.com\/es\/wp-json\/wp\/v2\/pages\/3807"}],"collection":[{"href":"https:\/\/argilescolades.com\/es\/wp-json\/wp\/v2\/pages"}],"about":[{"href":"https:\/\/argilescolades.com\/es\/wp-json\/wp\/v2\/types\/page"}],"author":[{"embeddable":true,"href":"https:\/\/argilescolades.com\/es\/wp-json\/wp\/v2\/users\/1"}],"replies":[{"embeddable":true,"href":"https:\/\/argilescolades.com\/es\/wp-json\/wp\/v2\/comments?post=3807"}],"version-history":[{"count":5,"href":"https:\/\/argilescolades.com\/es\/wp-json\/wp\/v2\/pages\/3807\/revisions"}],"predecessor-version":[{"id":5775,"href":"https:\/\/argilescolades.com\/es\/wp-json\/wp\/v2\/pages\/3807\/revisions\/5775"}],"up":[{"embeddable":true,"href":"https:\/\/argilescolades.com\/es\/wp-json\/wp\/v2\/pages\/3810"}],"wp:featuredmedia":[{"embeddable":true,"href":"https:\/\/argilescolades.com\/es\/wp-json\/wp\/v2\/media\/5691"}],"wp:attachment":[{"href":"https:\/\/argilescolades.com\/es\/wp-json\/wp\/v2\/media?parent=3807"}],"wp:term":[{"taxonomy":"category","embeddable":true,"href":"https:\/\/argilescolades.com\/es\/wp-json\/wp\/v2\/categories?post=3807"},{"taxonomy":"post_tag","embeddable":true,"href":"https:\/\/argilescolades.com\/es\/wp-json\/wp\/v2\/tags?post=3807"}],"curies":[{"name":"wp","href":"https:\/\/api.w.org\/{rel}","templated":true}]}}