{"id":3812,"date":"2021-03-23T11:19:19","date_gmt":"2021-03-23T11:19:19","guid":{"rendered":"http:\/\/argilescolades.com\/arcillas\/arcila-micronizada-pen-f-lila\/"},"modified":"2021-03-23T18:16:16","modified_gmt":"2021-03-23T18:16:16","slug":"arcila-micronizada-pen-f-lila","status":"publish","type":"page","link":"https:\/\/argilescolades.com\/es\/arcillas\/arcila-micronizada-pen-f-lila\/","title":{"rendered":"ARCILA MICRONIZADA PEN F LILA"},"content":{"rendered":"<p>[vc_row][vc_column][vc_single_image image=\u00bb3230&#8243; img_size=\u00bblarge\u00bb alignment=\u00bbcenter\u00bb][vc_empty_space][\/vc_column][\/vc_row][vc_row][vc_column][vc_column_text]<\/p>\n<h1>AN\u00c0LISIS QU\u00cdMICO ARCILLA MICRONIZADA LILA<\/h1>\n<h2>Composici\u00f3n Qu\u00edmica (An\u00e1lisis Elemental expresado en %)<\/h2>\n<p class=\"poligaletesp\">SiO2 &#8211; 60,56%<\/p>\n<p class=\"poligaletesp\">Al2O3 &#8211; 24,55%<\/p>\n<p class=\"poligaletesp\">Fe2O3 &#8211; 2,76%<\/p>\n<p class=\"poligaletesp\">TiO2 &#8211; 1,01%<\/p>\n<p class=\"poligaletesp\">CaO &#8211; 0,20%<\/p>\n<p class=\"poligaletesp\">MgO &#8211; 0,66%<\/p>\n<p class=\"poligaletesp\">K2O &#8211; 3.21%<\/p>\n<p class=\"poligaletesp\">Na2O &#8211; 0,19%<\/p>\n<p class=\"poligaletesp\">MnO &#8211; 1,00%<\/p>\n<p class=\"poligaletesp\">P2O3 &#8211; 0,07%<\/p>\n<h2>Granulometria (An\u00e1lisis Elemental expresado en medida de la malla i %)<\/h2>\n<p class=\"poligaletesp\">125 &#8211; 6,13%<\/p>\n<p class=\"poligaletesp\">90 &#8211; 6,81%<\/p>\n<p class=\"poligaletesp\">63 &#8211; 9,71%<\/p>\n<p class=\"poligaletesp\">45 &#8211; 13,53%<\/p>\n<p class=\"poligaletesp\">36 &#8211; 36,02%<\/p>\n<p class=\"poligaletesp\">0 &#8211; 27,01%<\/p>\n<h2>Carecter\u00edsticas f\u00edsico-mec\u00e0nicas<\/h2>\n<p class=\"poligaletesp\">DENSITAD APARENTE: 2,61g\/cm3<\/p>\n<p class=\"poligaletesp\">PERDIDA AL FUEGO: 6,75%<\/p>\n<p>[\/vc_column_text][\/vc_column][\/vc_row][vc_row][vc_column][vc_empty_space][vc_btn title=\u00bbDescargar Ficha\u00bb color=\u00bbblack\u00bb align=\u00bbcenter\u00bb link=\u00bburl:http%3A%2F%2Fargilescolades.com%2Fwp-content%2Fuploads%2F2021%2F01%2FLILA_fitxatecnica.pdf|target:_blank|\u00bb][\/vc_column][\/vc_row]<\/p>\n","protected":false},"excerpt":{"rendered":"<p>[vc_row][vc_column][vc_single_image image=\u00bb3230&#8243; img_size=\u00bblarge\u00bb alignment=\u00bbcenter\u00bb][vc_empty_space][\/vc_column][\/vc_row][vc_row][vc_column][vc_column_text] AN\u00c0LISIS QU\u00cdMICO ARCILLA MICRONIZADA LILA Composici\u00f3n Qu\u00edmica (An\u00e1lisis Elemental expresado en %) SiO2 &#8211; 60,56% Al2O3 &#8211; 24,55% Fe2O3 &#8211; 2,76% TiO2 &#8211; 1,01% CaO &#8211; 0,20% MgO &#8211; 0,66% K2O &#8211; 3.21% Na2O &#8211; 0,19% MnO &#8211; 1,00% P2O3 &#8211; 0,07% Granulometria (An\u00e1lisis Elemental expresado en medida de la malla [&hellip;]<\/p>\n","protected":false},"author":1,"featured_media":5490,"parent":3810,"menu_order":0,"comment_status":"closed","ping_status":"closed","template":"","meta":[],"categories":[110],"tags":[],"_links":{"self":[{"href":"https:\/\/argilescolades.com\/es\/wp-json\/wp\/v2\/pages\/3812"}],"collection":[{"href":"https:\/\/argilescolades.com\/es\/wp-json\/wp\/v2\/pages"}],"about":[{"href":"https:\/\/argilescolades.com\/es\/wp-json\/wp\/v2\/types\/page"}],"author":[{"embeddable":true,"href":"https:\/\/argilescolades.com\/es\/wp-json\/wp\/v2\/users\/1"}],"replies":[{"embeddable":true,"href":"https:\/\/argilescolades.com\/es\/wp-json\/wp\/v2\/comments?post=3812"}],"version-history":[{"count":3,"href":"https:\/\/argilescolades.com\/es\/wp-json\/wp\/v2\/pages\/3812\/revisions"}],"predecessor-version":[{"id":5769,"href":"https:\/\/argilescolades.com\/es\/wp-json\/wp\/v2\/pages\/3812\/revisions\/5769"}],"up":[{"embeddable":true,"href":"https:\/\/argilescolades.com\/es\/wp-json\/wp\/v2\/pages\/3810"}],"wp:featuredmedia":[{"embeddable":true,"href":"https:\/\/argilescolades.com\/es\/wp-json\/wp\/v2\/media\/5490"}],"wp:attachment":[{"href":"https:\/\/argilescolades.com\/es\/wp-json\/wp\/v2\/media?parent=3812"}],"wp:term":[{"taxonomy":"category","embeddable":true,"href":"https:\/\/argilescolades.com\/es\/wp-json\/wp\/v2\/categories?post=3812"},{"taxonomy":"post_tag","embeddable":true,"href":"https:\/\/argilescolades.com\/es\/wp-json\/wp\/v2\/tags?post=3812"}],"curies":[{"name":"wp","href":"https:\/\/api.w.org\/{rel}","templated":true}]}}