{"id":3814,"date":"2021-03-23T11:21:54","date_gmt":"2021-03-23T11:21:54","guid":{"rendered":"http:\/\/argilescolades.com\/arcillas\/arcilla-m-2-2mm\/"},"modified":"2021-03-23T18:16:37","modified_gmt":"2021-03-23T18:16:37","slug":"arcilla-m-2-2mm","status":"publish","type":"page","link":"https:\/\/argilescolades.com\/es\/arcillas\/arcilla-m-2-2mm\/","title":{"rendered":"ARCILLA M-2 2mm"},"content":{"rendered":"<p>[vc_row][vc_column][vc_single_image image=\u00bb3702&#8243; img_size=\u00bblarge\u00bb alignment=\u00bbcenter\u00bb][vc_empty_space][\/vc_column][\/vc_row][vc_row][vc_column][vc_column_text]<\/p>\n<h1>AN\u00c1LISIS QU\u00cdMICO ARCILLA M-2 2mm<\/h1>\n<h2>Composici\u00f3n Qu\u00edmica (An\u00e1lisis Elemental expresado en %)<\/h2>\n<p class=\"poligaletesp\">Na2O &#8211; 0,34%<\/p>\n<p class=\"poligaletesp\">MgO &#8211; 2,52%<\/p>\n<p class=\"poligaletesp\">Al2O3 &#8211; 18,13%<\/p>\n<p class=\"poligaletesp\">SiO2 &#8211; 55,22%<\/p>\n<p class=\"poligaletesp\">P2O5 &#8211; 0,14%<\/p>\n<p class=\"poligaletesp\">K2O &#8211; 3,59%<\/p>\n<p class=\"poligaletesp\">CaO &#8211; 4,62%<\/p>\n<p class=\"poligaletesp\">TiO2 &#8211; 0,75%<\/p>\n<p class=\"poligaletesp\">Fe2O3 &#8211; 6,20%<\/p>\n<h2>An\u00e1lisis Racional (An\u00e1lisis Elemental expresado en %)<\/h2>\n<p class=\"poligaletesp\">Montmorillonita &#8211; 3%<\/p>\n<p class=\"poligaletesp\">Clorita &#8211; 2%<\/p>\n<p class=\"poligaletesp\">Ilita &#8211; 2,40%<\/p>\n<p class=\"poligaletesp\">Caolinita &#8211; 9%<\/p>\n<p class=\"poligaletesp\">Quars &#8211; 43%<\/p>\n<p class=\"poligaletesp\">Feldspat Pot\u00e0ssic &#8211; 4%<\/p>\n<p class=\"poligaletesp\">Plagi\u00f2clasis &#8211; 5%<\/p>\n<p class=\"poligaletesp\">Hematita &#8211; 3%<\/p>\n<p class=\"poligaletesp\">Calcita &#8211; 7%<\/p>\n<p class=\"poligaletesp\">Dolomita &#8211; 1%<\/p>\n<h2>Carecter\u00edsticas fisico-mec\u00e1nicas<\/h2>\n<p class=\"poligaletesp\">PERDIDA AL FUEGO: 8,50%<\/p>\n<p>[\/vc_column_text][\/vc_column][\/vc_row][vc_row][vc_column][vc_empty_space][vc_btn title=\u00bbDescargar Ficha\u00bb color=\u00bbblack\u00bb align=\u00bbcenter\u00bb link=\u00bburl:http%3A%2F%2Fargilescolades.com%2Fwp-content%2Fuploads%2F2021%2F01%2FM-2-2mm_fitxatecnica.pdf|target:_blank|\u00bb][\/vc_column][\/vc_row]<\/p>\n","protected":false},"excerpt":{"rendered":"<p>[vc_row][vc_column][vc_single_image image=\u00bb3702&#8243; img_size=\u00bblarge\u00bb alignment=\u00bbcenter\u00bb][vc_empty_space][\/vc_column][\/vc_row][vc_row][vc_column][vc_column_text] AN\u00c1LISIS QU\u00cdMICO ARCILLA M-2 2mm Composici\u00f3n Qu\u00edmica (An\u00e1lisis Elemental expresado en %) Na2O &#8211; 0,34% MgO &#8211; 2,52% Al2O3 &#8211; 18,13% SiO2 &#8211; 55,22% P2O5 &#8211; 0,14% K2O &#8211; 3,59% CaO &#8211; 4,62% TiO2 &#8211; 0,75% Fe2O3 &#8211; 6,20% An\u00e1lisis Racional (An\u00e1lisis Elemental expresado en %) Montmorillonita &#8211; 3% Clorita &#8211; [&hellip;]<\/p>\n","protected":false},"author":1,"featured_media":5619,"parent":3810,"menu_order":0,"comment_status":"closed","ping_status":"closed","template":"","meta":[],"categories":[110],"tags":[],"_links":{"self":[{"href":"https:\/\/argilescolades.com\/es\/wp-json\/wp\/v2\/pages\/3814"}],"collection":[{"href":"https:\/\/argilescolades.com\/es\/wp-json\/wp\/v2\/pages"}],"about":[{"href":"https:\/\/argilescolades.com\/es\/wp-json\/wp\/v2\/types\/page"}],"author":[{"embeddable":true,"href":"https:\/\/argilescolades.com\/es\/wp-json\/wp\/v2\/users\/1"}],"replies":[{"embeddable":true,"href":"https:\/\/argilescolades.com\/es\/wp-json\/wp\/v2\/comments?post=3814"}],"version-history":[{"count":5,"href":"https:\/\/argilescolades.com\/es\/wp-json\/wp\/v2\/pages\/3814\/revisions"}],"predecessor-version":[{"id":5772,"href":"https:\/\/argilescolades.com\/es\/wp-json\/wp\/v2\/pages\/3814\/revisions\/5772"}],"up":[{"embeddable":true,"href":"https:\/\/argilescolades.com\/es\/wp-json\/wp\/v2\/pages\/3810"}],"wp:featuredmedia":[{"embeddable":true,"href":"https:\/\/argilescolades.com\/es\/wp-json\/wp\/v2\/media\/5619"}],"wp:attachment":[{"href":"https:\/\/argilescolades.com\/es\/wp-json\/wp\/v2\/media?parent=3814"}],"wp:term":[{"taxonomy":"category","embeddable":true,"href":"https:\/\/argilescolades.com\/es\/wp-json\/wp\/v2\/categories?post=3814"},{"taxonomy":"post_tag","embeddable":true,"href":"https:\/\/argilescolades.com\/es\/wp-json\/wp\/v2\/tags?post=3814"}],"curies":[{"name":"wp","href":"https:\/\/api.w.org\/{rel}","templated":true}]}}