{"id":3817,"date":"2021-03-23T11:25:55","date_gmt":"2021-03-23T11:25:55","guid":{"rendered":"http:\/\/argilescolades.com\/arcillas\/arcilla-micronizada-pen-f-beig\/"},"modified":"2021-03-23T11:25:55","modified_gmt":"2021-03-23T11:25:55","slug":"arcilla-micronizada-pen-f-beig","status":"publish","type":"page","link":"https:\/\/argilescolades.com\/es\/arcillas\/arcilla-micronizada-pen-f-beig\/","title":{"rendered":"ARCILLA MICRONIZADA PEN F BEIG"},"content":{"rendered":"<p>[vc_row][vc_column][vc_single_image image=\u00bb2754&#8243; img_size=\u00bblarge\u00bb alignment=\u00bbcenter\u00bb][vc_empty_space][\/vc_column][\/vc_row][vc_row][vc_column][vc_column_text]<\/p>\n<h1>AN\u00c1LISIS QU\u00cdMICO ARCILLA MICRONIZADA PEN\/F BEIGE<\/h1>\n<h2>Composici\u00f3n Qu\u00edmica (An\u00e0lisis Elemental expresado en %)<\/h2>\n<p class=\"poligaletesp\">Na2O &#8211; 0,34%<\/p>\n<p class=\"poligaletesp\">MnO &#8211; 2,52%<\/p>\n<p class=\"poligaletesp\">Al2O3 &#8211; 18,13%<\/p>\n<p class=\"poligaletesp\">SiO2 &#8211; 55,22%<\/p>\n<p class=\"poligaletesp\">P2O3 &#8211; 0,14%<\/p>\n<p class=\"poligaletesp\">K2O &#8211; 3,59%<\/p>\n<p class=\"poligaletesp\">CaO &#8211; 4,62%<\/p>\n<p class=\"poligaletesp\">TiO2 &#8211; 0,75%<\/p>\n<p class=\"poligaletesp\">Fe2O3 &#8211; 6,20%<\/p>\n<h2>An\u00e1lisis Racional (An\u00e1lisis Elemental expresado en %)<\/h2>\n<p class=\"poligaletesp\">Montmorillonita &#8211; 3%<\/p>\n<p class=\"poligaletesp\">Clorita &#8211; 2%<\/p>\n<p class=\"poligaletesp\">Ilita &#8211; 2,40%<\/p>\n<p class=\"poligaletesp\">Caolinita &#8211; 9%<\/p>\n<p class=\"poligaletesp\">Quars &#8211; 43%<\/p>\n<p class=\"poligaletesp\">Feldspat Pot\u00e0ssic &#8211; 4%<\/p>\n<p class=\"poligaletesp\">Plagi\u00f2clasis &#8211; 5%<\/p>\n<p class=\"poligaletesp\">Hematita &#8211; 3%<\/p>\n<p class=\"poligaletesp\">Calcita &#8211; 7%<\/p>\n<p class=\"poligaletesp\">Dolomita &#8211; 3%<\/p>\n<h2>Granulometria (An\u00e1lisis Elemental expresado en micras y % de part\u00edcules)<\/h2>\n<p class=\"poligaletesp\">125 &#8211; 6,13%<\/p>\n<p class=\"poligaletesp\">90 &#8211; 6,81%<\/p>\n<p class=\"poligaletesp\">63 &#8211; 9,71%<\/p>\n<p class=\"poligaletesp\">45 &#8211; 13,53%<\/p>\n<p class=\"poligaletesp\">36- 36,02%<\/p>\n<p class=\"poligaletesp\">0 &#8211; 27,01%<\/p>\n<h2>Carecter\u00edsticas f\u00edsico-mec\u00e0nicas<\/h2>\n<p class=\"poligaletesp\">P\u00c8RDIDA AL FUEGO: 8,40%<\/p>\n<p>[\/vc_column_text][\/vc_column][\/vc_row][vc_row][vc_column][vc_empty_space][vc_btn title=\u00bbDescargar Ficha\u00bb color=\u00bbblack\u00bb align=\u00bbcenter\u00bb link=\u00bburl:http%3A%2F%2Fargilescolades.com%2Fwp-content%2Fuploads%2F2021%2F01%2FBEIG_fitxatecnica.pdf|target:_blank|\u00bb][\/vc_column][\/vc_row]<\/p>\n","protected":false},"excerpt":{"rendered":"<p>[vc_row][vc_column][vc_single_image image=\u00bb2754&#8243; img_size=\u00bblarge\u00bb alignment=\u00bbcenter\u00bb][vc_empty_space][\/vc_column][\/vc_row][vc_row][vc_column][vc_column_text] AN\u00c1LISIS QU\u00cdMICO ARCILLA MICRONIZADA PEN\/F BEIGE Composici\u00f3n Qu\u00edmica (An\u00e0lisis Elemental expresado en %) Na2O &#8211; 0,34% MnO &#8211; 2,52% Al2O3 &#8211; 18,13% SiO2 &#8211; 55,22% P2O3 &#8211; 0,14% K2O &#8211; 3,59% CaO &#8211; 4,62% TiO2 &#8211; 0,75% Fe2O3 &#8211; 6,20% An\u00e1lisis Racional (An\u00e1lisis Elemental expresado en %) Montmorillonita &#8211; 3% Clorita [&hellip;]<\/p>\n","protected":false},"author":1,"featured_media":5493,"parent":3810,"menu_order":0,"comment_status":"closed","ping_status":"closed","template":"","meta":[],"categories":[110],"tags":[],"_links":{"self":[{"href":"https:\/\/argilescolades.com\/es\/wp-json\/wp\/v2\/pages\/3817"}],"collection":[{"href":"https:\/\/argilescolades.com\/es\/wp-json\/wp\/v2\/pages"}],"about":[{"href":"https:\/\/argilescolades.com\/es\/wp-json\/wp\/v2\/types\/page"}],"author":[{"embeddable":true,"href":"https:\/\/argilescolades.com\/es\/wp-json\/wp\/v2\/users\/1"}],"replies":[{"embeddable":true,"href":"https:\/\/argilescolades.com\/es\/wp-json\/wp\/v2\/comments?post=3817"}],"version-history":[{"count":2,"href":"https:\/\/argilescolades.com\/es\/wp-json\/wp\/v2\/pages\/3817\/revisions"}],"predecessor-version":[{"id":3819,"href":"https:\/\/argilescolades.com\/es\/wp-json\/wp\/v2\/pages\/3817\/revisions\/3819"}],"up":[{"embeddable":true,"href":"https:\/\/argilescolades.com\/es\/wp-json\/wp\/v2\/pages\/3810"}],"wp:featuredmedia":[{"embeddable":true,"href":"https:\/\/argilescolades.com\/es\/wp-json\/wp\/v2\/media\/5493"}],"wp:attachment":[{"href":"https:\/\/argilescolades.com\/es\/wp-json\/wp\/v2\/media?parent=3817"}],"wp:term":[{"taxonomy":"category","embeddable":true,"href":"https:\/\/argilescolades.com\/es\/wp-json\/wp\/v2\/categories?post=3817"},{"taxonomy":"post_tag","embeddable":true,"href":"https:\/\/argilescolades.com\/es\/wp-json\/wp\/v2\/tags?post=3817"}],"curies":[{"name":"wp","href":"https:\/\/api.w.org\/{rel}","templated":true}]}}