{"id":5390,"date":"2021-03-23T11:28:03","date_gmt":"2021-03-23T11:28:03","guid":{"rendered":"http:\/\/argilescolades.com\/arcillas\/arcilla-micronizada-pen-f-gris\/"},"modified":"2021-03-23T18:17:08","modified_gmt":"2021-03-23T18:17:08","slug":"arcilla-micronizada-pen-f-gris","status":"publish","type":"page","link":"https:\/\/argilescolades.com\/es\/arcillas\/arcilla-micronizada-pen-f-gris\/","title":{"rendered":"ARCILLA MICRONIZADA PEN F GRIS"},"content":{"rendered":"<p>[vc_row][vc_column][vc_single_image image=\u00bb3687&#8243; img_size=\u00bblarge\u00bb alignment=\u00bbcenter\u00bb][vc_empty_space][\/vc_column][\/vc_row][vc_row][vc_column][vc_column_text]<\/p>\n<h1>AN\u00c1LISIS QU\u00cdMICO ARCILLA MICRONIZADA PEN\/F GRIS<\/h1>\n<h2>Composici\u00f3n Qu\u00edmica (An\u00e1lisis Elemental expresado en %)<\/h2>\n<p class=\"poligaletesp\">Na2O &#8211; 0,00%<\/p>\n<p class=\"poligaletesp\">MgO &#8211; 0,31%<\/p>\n<p class=\"poligaletesp\">Al2O3 &#8211; 15,00%<\/p>\n<p class=\"poligaletesp\">SiO2 &#8211; 75,21%<\/p>\n<p class=\"poligaletesp\">P2O5 &#8211; 0,00%<\/p>\n<p class=\"poligaletesp\">SO3 &#8211; 0,00%<\/p>\n<p class=\"poligaletesp\">K2O &#8211; 0,64%<\/p>\n<p class=\"poligaletesp\">CaO &#8211; 0,40%<\/p>\n<p class=\"poligaletesp\">TiO2 &#8211; 0,00%<\/p>\n<p class=\"poligaletesp\">Fe2O3 &#8211; 5,50%<\/p>\n<h2>Carecter\u00edsticas f\u00edsico-mec\u00e1nicas<\/h2>\n<p class=\"poligaletesp\">PERDIDA AL FUEGO: 8,90%<\/p>\n<p>[\/vc_column_text][\/vc_column][\/vc_row][vc_row][vc_column][vc_empty_space][vc_btn title=\u00bbDescargar Ficha\u00bb color=\u00bbblack\u00bb align=\u00bbcenter\u00bb link=\u00bburl:http%3A%2F%2Fargilescolades.com%2Fwp-content%2Fuploads%2F2021%2F01%2FGRIS_fitxatecnica.pdf|target:_blank|\u00bb][\/vc_column][\/vc_row]<\/p>\n","protected":false},"excerpt":{"rendered":"<p>[vc_row][vc_column][vc_single_image image=\u00bb3687&#8243; img_size=\u00bblarge\u00bb alignment=\u00bbcenter\u00bb][vc_empty_space][\/vc_column][\/vc_row][vc_row][vc_column][vc_column_text] AN\u00c1LISIS QU\u00cdMICO ARCILLA MICRONIZADA PEN\/F GRIS Composici\u00f3n Qu\u00edmica (An\u00e1lisis Elemental expresado en %) Na2O &#8211; 0,00% MgO &#8211; 0,31% Al2O3 &#8211; 15,00% SiO2 &#8211; 75,21% P2O5 &#8211; 0,00% SO3 &#8211; 0,00% K2O &#8211; 0,64% CaO &#8211; 0,40% TiO2 &#8211; 0,00% Fe2O3 &#8211; 5,50% Carecter\u00edsticas f\u00edsico-mec\u00e1nicas PERDIDA AL FUEGO: 8,90% [\/vc_column_text][\/vc_column][\/vc_row][vc_row][vc_column][vc_empty_space][vc_btn title=\u00bbDescargar [&hellip;]<\/p>\n","protected":false},"author":1,"featured_media":5607,"parent":3810,"menu_order":0,"comment_status":"closed","ping_status":"closed","template":"","meta":[],"categories":[110],"tags":[],"_links":{"self":[{"href":"https:\/\/argilescolades.com\/es\/wp-json\/wp\/v2\/pages\/5390"}],"collection":[{"href":"https:\/\/argilescolades.com\/es\/wp-json\/wp\/v2\/pages"}],"about":[{"href":"https:\/\/argilescolades.com\/es\/wp-json\/wp\/v2\/types\/page"}],"author":[{"embeddable":true,"href":"https:\/\/argilescolades.com\/es\/wp-json\/wp\/v2\/users\/1"}],"replies":[{"embeddable":true,"href":"https:\/\/argilescolades.com\/es\/wp-json\/wp\/v2\/comments?post=5390"}],"version-history":[{"count":5,"href":"https:\/\/argilescolades.com\/es\/wp-json\/wp\/v2\/pages\/5390\/revisions"}],"predecessor-version":[{"id":5778,"href":"https:\/\/argilescolades.com\/es\/wp-json\/wp\/v2\/pages\/5390\/revisions\/5778"}],"up":[{"embeddable":true,"href":"https:\/\/argilescolades.com\/es\/wp-json\/wp\/v2\/pages\/3810"}],"wp:featuredmedia":[{"embeddable":true,"href":"https:\/\/argilescolades.com\/es\/wp-json\/wp\/v2\/media\/5607"}],"wp:attachment":[{"href":"https:\/\/argilescolades.com\/es\/wp-json\/wp\/v2\/media?parent=5390"}],"wp:term":[{"taxonomy":"category","embeddable":true,"href":"https:\/\/argilescolades.com\/es\/wp-json\/wp\/v2\/categories?post=5390"},{"taxonomy":"post_tag","embeddable":true,"href":"https:\/\/argilescolades.com\/es\/wp-json\/wp\/v2\/tags?post=5390"}],"curies":[{"name":"wp","href":"https:\/\/api.w.org\/{rel}","templated":true}]}}