{"id":5701,"date":"2021-03-23T11:52:57","date_gmt":"2021-03-23T11:52:57","guid":{"rendered":"http:\/\/argilescolades.com\/arcillas\/arcilla-micronizada-pen-f-roja\/"},"modified":"2021-03-23T11:52:57","modified_gmt":"2021-03-23T11:52:57","slug":"arcilla-micronizada-pen-f-roja","status":"publish","type":"page","link":"https:\/\/argilescolades.com\/es\/arcillas\/arcilla-micronizada-pen-f-roja\/","title":{"rendered":"ARCILLA MICRONIZADA PEN F ROJA"},"content":{"rendered":"<p>[vc_row][vc_column][vc_single_image image=\u00bb3312&#8243; img_size=\u00bblarge\u00bb alignment=\u00bbcenter\u00bb][vc_empty_space][\/vc_column][\/vc_row][vc_row][vc_column][vc_column_text]<\/p>\n<h1>AN\u00c1LISIS QU\u00cdMICO ARCILLA MICRONIZADA PEN\/F ROJA<\/h1>\n<h2>Composici\u00f3n Qu\u00edmica (An\u00e1lisis Elemental expresado en %)<\/h2>\n<p class=\"poligaletesp\">MnO &#8211; 0,31%<\/p>\n<p class=\"poligaletesp\">Al2O3 &#8211; 23,32%<\/p>\n<p class=\"poligaletesp\">SiO2 &#8211; 56,53%<\/p>\n<p class=\"poligaletesp\">K2O &#8211; 0.64%<\/p>\n<p class=\"poligaletesp\">CaO &#8211; 0,40%<\/p>\n<p class=\"poligaletesp\">Fe2O3 &#8211; 10,39%<\/p>\n<h2>An\u00e0lisis Racional (An\u00e1lisis Elemental expresado en %)<\/h2>\n<p class=\"poligaletesp\">Caolinita &#8211; 49%<\/p>\n<p class=\"poligaletesp\">Quars &#8211; 42%<\/p>\n<p class=\"poligaletesp\">Feldspat Pot\u00e0ssic &#8211; 2%<\/p>\n<p class=\"poligaletesp\">Plagi\u00f2clasis &#8211; 1%<\/p>\n<p class=\"poligaletesp\">Hematita &#8211; 6%<\/p>\n<h2>Granulometria (An\u00e1lisis Elemental expresado en micres i % de part\u00edculas)<\/h2>\n<p class=\"poligaletesp\">125 &#8211; 6,13%<\/p>\n<p class=\"poligaletesp\">90 &#8211; 6,81%<\/p>\n<p class=\"poligaletesp\">63 &#8211; 9,71%<\/p>\n<p class=\"poligaletesp\">45 &#8211; 13,53%<\/p>\n<p class=\"poligaletesp\">36- 36,02%<\/p>\n<p class=\"poligaletesp\">0 &#8211; 27,01%<\/p>\n<h2>Carecter\u00edsticas f\u00edsico-mec\u00e1nicas<\/h2>\n<p class=\"poligaletesp\">DENSIDAD APARENTE: 2,61g\/cm3<\/p>\n<p class=\"poligaletesp\">PERDIDA AL FUEGO: 8,40%<\/p>\n<p>[\/vc_column_text][\/vc_column][\/vc_row][vc_row][vc_column][vc_empty_space][vc_btn title=\u00bbDescargar Ficha\u00bb color=\u00bbblack\u00bb align=\u00bbcenter\u00bb link=\u00bburl:http%3A%2F%2Fargilescolades.com%2Fwp-content%2Fuploads%2F2021%2F01%2FVERMELLA_fitxatecnica.pdf|target:_blank|\u00bb][\/vc_column][\/vc_row]<\/p>\n","protected":false},"excerpt":{"rendered":"<p>[vc_row][vc_column][vc_single_image image=\u00bb3312&#8243; img_size=\u00bblarge\u00bb alignment=\u00bbcenter\u00bb][vc_empty_space][\/vc_column][\/vc_row][vc_row][vc_column][vc_column_text] AN\u00c1LISIS QU\u00cdMICO ARCILLA MICRONIZADA PEN\/F ROJA Composici\u00f3n Qu\u00edmica (An\u00e1lisis Elemental expresado en %) MnO &#8211; 0,31% Al2O3 &#8211; 23,32% SiO2 &#8211; 56,53% K2O &#8211; 0.64% CaO &#8211; 0,40% Fe2O3 &#8211; 10,39% An\u00e0lisis Racional (An\u00e1lisis Elemental expresado en %) Caolinita &#8211; 49% Quars &#8211; 42% Feldspat Pot\u00e0ssic &#8211; 2% Plagi\u00f2clasis &#8211; 1% [&hellip;]<\/p>\n","protected":false},"author":1,"featured_media":5529,"parent":3810,"menu_order":0,"comment_status":"closed","ping_status":"closed","template":"","meta":[],"categories":[110],"tags":[],"_links":{"self":[{"href":"https:\/\/argilescolades.com\/es\/wp-json\/wp\/v2\/pages\/5701"}],"collection":[{"href":"https:\/\/argilescolades.com\/es\/wp-json\/wp\/v2\/pages"}],"about":[{"href":"https:\/\/argilescolades.com\/es\/wp-json\/wp\/v2\/types\/page"}],"author":[{"embeddable":true,"href":"https:\/\/argilescolades.com\/es\/wp-json\/wp\/v2\/users\/1"}],"replies":[{"embeddable":true,"href":"https:\/\/argilescolades.com\/es\/wp-json\/wp\/v2\/comments?post=5701"}],"version-history":[{"count":1,"href":"https:\/\/argilescolades.com\/es\/wp-json\/wp\/v2\/pages\/5701\/revisions"}],"predecessor-version":[{"id":5702,"href":"https:\/\/argilescolades.com\/es\/wp-json\/wp\/v2\/pages\/5701\/revisions\/5702"}],"up":[{"embeddable":true,"href":"https:\/\/argilescolades.com\/es\/wp-json\/wp\/v2\/pages\/3810"}],"wp:featuredmedia":[{"embeddable":true,"href":"https:\/\/argilescolades.com\/es\/wp-json\/wp\/v2\/media\/5529"}],"wp:attachment":[{"href":"https:\/\/argilescolades.com\/es\/wp-json\/wp\/v2\/media?parent=5701"}],"wp:term":[{"taxonomy":"category","embeddable":true,"href":"https:\/\/argilescolades.com\/es\/wp-json\/wp\/v2\/categories?post=5701"},{"taxonomy":"post_tag","embeddable":true,"href":"https:\/\/argilescolades.com\/es\/wp-json\/wp\/v2\/tags?post=5701"}],"curies":[{"name":"wp","href":"https:\/\/api.w.org\/{rel}","templated":true}]}}