{"id":5703,"date":"2021-03-23T11:54:47","date_gmt":"2021-03-23T11:54:47","guid":{"rendered":"http:\/\/argilescolades.com\/arcillas\/arcilla-micronizada-uka-blanca\/"},"modified":"2021-03-23T11:54:47","modified_gmt":"2021-03-23T11:54:47","slug":"arcilla-micronizada-uka-blanca","status":"publish","type":"page","link":"https:\/\/argilescolades.com\/es\/arcillas\/arcilla-micronizada-uka-blanca\/","title":{"rendered":"ARCILLA MICRONIZADA UKA BLANCA"},"content":{"rendered":"<p>[vc_row][vc_column][vc_single_image image=\u00bb3679&#8243; img_size=\u00bblarge\u00bb alignment=\u00bbcenter\u00bb][vc_empty_space][\/vc_column][\/vc_row][vc_row][vc_column][vc_column_text]<\/p>\n<h1>AN\u00c1LISIS QU\u00cdMICO ARCILLA MICRONIZADA UKA BLANCA<\/h1>\n<h2>Composici\u00f3n Qu\u00edmica (An\u00e1lisis Elemental expresado en %)<\/h2>\n<p class=\"poligaletesp\">Na2O &#8211; 0,21%<\/p>\n<p class=\"poligaletesp\">MgO &#8211; 0,66%<\/p>\n<p class=\"poligaletesp\">Al2O3 &#8211; 30,50%<\/p>\n<p class=\"poligaletesp\">SiO2 &#8211; 51,10%<\/p>\n<p class=\"poligaletesp\">P2O3 &#8211; 0,14%<\/p>\n<p class=\"poligaletesp\">K2O &#8211; 2,74%<\/p>\n<p class=\"poligaletesp\">CaO &#8211; 0,25%<\/p>\n<p class=\"poligaletesp\">TiO2 &#8211; 0,82%<\/p>\n<p class=\"poligaletesp\">Fe2O3 &#8211; 3,19%<\/p>\n<h2>Carecter\u00edsticas fisico-mec\u00e1nicas<\/h2>\n<p class=\"poligaletesp\">DENSIDAD APARENTE: 2,81g\/cm3<\/p>\n<p class=\"poligaletesp\">P\u00c9RDIDA AL FUEGO: 9,34%<\/p>\n<p>[\/vc_column_text][\/vc_column][\/vc_row][vc_row][vc_column][vc_empty_space][vc_btn title=\u00bbDescargar Ficha\u00bb color=\u00bbblack\u00bb align=\u00bbcenter\u00bb link=\u00bburl:http%3A%2F%2Fargilescolades.com%2Fwp-content%2Fuploads%2F2021%2F01%2FUKA_fitxatecnica.pdf|target:_blank|\u00bb][\/vc_column][\/vc_row]<\/p>\n","protected":false},"excerpt":{"rendered":"<p>[vc_row][vc_column][vc_single_image image=\u00bb3679&#8243; img_size=\u00bblarge\u00bb alignment=\u00bbcenter\u00bb][vc_empty_space][\/vc_column][\/vc_row][vc_row][vc_column][vc_column_text] AN\u00c1LISIS QU\u00cdMICO ARCILLA MICRONIZADA UKA BLANCA Composici\u00f3n Qu\u00edmica (An\u00e1lisis Elemental expresado en %) Na2O &#8211; 0,21% MgO &#8211; 0,66% Al2O3 &#8211; 30,50% SiO2 &#8211; 51,10% P2O3 &#8211; 0,14% K2O &#8211; 2,74% CaO &#8211; 0,25% TiO2 &#8211; 0,82% Fe2O3 &#8211; 3,19% Carecter\u00edsticas fisico-mec\u00e1nicas DENSIDAD APARENTE: 2,81g\/cm3 P\u00c9RDIDA AL FUEGO: 9,34% [\/vc_column_text][\/vc_column][\/vc_row][vc_row][vc_column][vc_empty_space][vc_btn title=\u00bbDescargar [&hellip;]<\/p>\n","protected":false},"author":1,"featured_media":5601,"parent":3810,"menu_order":0,"comment_status":"closed","ping_status":"closed","template":"","meta":[],"categories":[110],"tags":[],"_links":{"self":[{"href":"https:\/\/argilescolades.com\/es\/wp-json\/wp\/v2\/pages\/5703"}],"collection":[{"href":"https:\/\/argilescolades.com\/es\/wp-json\/wp\/v2\/pages"}],"about":[{"href":"https:\/\/argilescolades.com\/es\/wp-json\/wp\/v2\/types\/page"}],"author":[{"embeddable":true,"href":"https:\/\/argilescolades.com\/es\/wp-json\/wp\/v2\/users\/1"}],"replies":[{"embeddable":true,"href":"https:\/\/argilescolades.com\/es\/wp-json\/wp\/v2\/comments?post=5703"}],"version-history":[{"count":2,"href":"https:\/\/argilescolades.com\/es\/wp-json\/wp\/v2\/pages\/5703\/revisions"}],"predecessor-version":[{"id":5705,"href":"https:\/\/argilescolades.com\/es\/wp-json\/wp\/v2\/pages\/5703\/revisions\/5705"}],"up":[{"embeddable":true,"href":"https:\/\/argilescolades.com\/es\/wp-json\/wp\/v2\/pages\/3810"}],"wp:featuredmedia":[{"embeddable":true,"href":"https:\/\/argilescolades.com\/es\/wp-json\/wp\/v2\/media\/5601"}],"wp:attachment":[{"href":"https:\/\/argilescolades.com\/es\/wp-json\/wp\/v2\/media?parent=5703"}],"wp:term":[{"taxonomy":"category","embeddable":true,"href":"https:\/\/argilescolades.com\/es\/wp-json\/wp\/v2\/categories?post=5703"},{"taxonomy":"post_tag","embeddable":true,"href":"https:\/\/argilescolades.com\/es\/wp-json\/wp\/v2\/tags?post=5703"}],"curies":[{"name":"wp","href":"https:\/\/api.w.org\/{rel}","templated":true}]}}