{"id":5723,"date":"2021-03-23T14:05:43","date_gmt":"2021-03-23T14:05:43","guid":{"rendered":"http:\/\/argilescolades.com\/pastas-ceramicas\/pasta-ceramica-no-2-roja-chamotada\/"},"modified":"2021-03-23T14:05:43","modified_gmt":"2021-03-23T14:05:43","slug":"pasta-ceramica-no-2-roja-chamotada","status":"publish","type":"page","link":"https:\/\/argilescolades.com\/es\/pastas-ceramicas\/pasta-ceramica-no-2-roja-chamotada\/","title":{"rendered":"PASTA CER\u00c0MICA N\u00ba 2 ROJA CHAMOTADA"},"content":{"rendered":"<p>[vc_row][vc_column width=\u00bb1\/2&#8243;][vc_single_image image=\u00bb3283&#8243; img_size=\u00bblarge\u00bb alignment=\u00bbcenter\u00bb][\/vc_column][vc_column width=\u00bb1\/2&#8243;][vc_single_image image=\u00bb3282&#8243; img_size=\u00bblarge\u00bb alignment=\u00bbcenter\u00bb][\/vc_column][\/vc_row][vc_row][vc_column][vc_column_text]<\/p>\n<h1>PASTA CER\u00c1MICA N\u00ba2 ROJA CHAMOTADA<\/h1>\n<p class=\"poligaletesp\">Masa pl\u00e1stica con un 18-21% de humedad<\/p>\n<p class=\"poligaletesp\">Aplicaci\u00f3n para uso alfarero, prensado y extrusi\u00f3n<\/p>\n<h1>AN\u00c1LISIS QU\u00cdMICO<\/h1>\n<h2>COMPOSICI\u00d3N QU\u00cdMICA (An\u00e1lisis Elemental expresado en %)<\/h2>\n<p class=\"poligaletesp\">SiO2 &#8211; 66,16%<\/p>\n<p class=\"poligaletesp\">Al2O3 &#8211; 16,24%<\/p>\n<p class=\"poligaletesp\">Fe2O3 &#8211; 6,65%<\/p>\n<p class=\"poligaletesp\">CaO &#8211; 1,37%<\/p>\n<p class=\"poligaletesp\">MgO &#8211; 0,76%<\/p>\n<p class=\"poligaletesp\">Na2O &#8211; 2,06%<\/p>\n<p class=\"poligaletesp\">K2O &#8211; 2,58%<\/p>\n<h2>PROPIEDADES EN COCIDO<\/h2>\n<p class=\"poligaletesp\">TEMPERATURA DE COCCI\u00d3N: 980-1080 \u00baC<\/p>\n<p class=\"poligaletesp\">ABSORCI\u00d3N DE AGUA: 12-16%<\/p>\n<p class=\"poligaletesp\">CONTRACCI\u00d3N DE COCCI\u00d3N: 0,7-1%<\/p>\n<p class=\"poligaletesp\">RESISTENCIA MEC\u00c1NICA: 23,5N\/mm2<\/p>\n<p class=\"poligaletesp\">COEFICIENTE DE DILATACI\u00d3N: 62&#215;10^-7\u00baC<\/p>\n<p class=\"poligaletesp\">COLOR: Rojo anaranjado<\/p>\n<h2>PROPIEDADES EN CRUDO<\/h2>\n<p class=\"poligaletesp\">CONTRACCI\u00d3N DE SECADO: 6-6&#8217;5%<\/p>\n<p class=\"poligaletesp\">CALCIMETRIA: 1-2%<\/p>\n<p class=\"poligaletesp\">PERDIDA AL FUEGO: 4,14%<\/p>\n<p class=\"poligaletesp\">CANTIDAD DE CHAMOTA: 25%<\/p>\n<p>[\/vc_column_text][\/vc_column][\/vc_row][vc_row][vc_column][vc_empty_space][vc_btn title=\u00bbDescargar Ficha\u00bb color=\u00bbblack\u00bb align=\u00bbcenter\u00bb link=\u00bburl:http%3A%2F%2Fargilescolades.com%2Fwp-content%2Fuploads%2F2021%2F01%2FNo2-XAMOTADA.pdf|target:_blank|\u00bb][\/vc_column][\/vc_row]<\/p>\n","protected":false},"excerpt":{"rendered":"<p>[vc_row][vc_column width=\u00bb1\/2&#8243;][vc_single_image image=\u00bb3283&#8243; img_size=\u00bblarge\u00bb alignment=\u00bbcenter\u00bb][\/vc_column][vc_column width=\u00bb1\/2&#8243;][vc_single_image image=\u00bb3282&#8243; img_size=\u00bblarge\u00bb alignment=\u00bbcenter\u00bb][\/vc_column][\/vc_row][vc_row][vc_column][vc_column_text] PASTA CER\u00c1MICA N\u00ba2 ROJA CHAMOTADA Masa pl\u00e1stica con un 18-21% de humedad Aplicaci\u00f3n para uso alfarero, prensado y extrusi\u00f3n AN\u00c1LISIS QU\u00cdMICO COMPOSICI\u00d3N QU\u00cdMICA (An\u00e1lisis Elemental expresado en %) SiO2 &#8211; 66,16% Al2O3 &#8211; 16,24% Fe2O3 &#8211; 6,65% CaO &#8211; 1,37% MgO &#8211; 0,76% Na2O &#8211; 2,06% [&hellip;]<\/p>\n","protected":false},"author":1,"featured_media":5520,"parent":5709,"menu_order":0,"comment_status":"closed","ping_status":"closed","template":"","meta":[],"categories":[111],"tags":[],"_links":{"self":[{"href":"https:\/\/argilescolades.com\/es\/wp-json\/wp\/v2\/pages\/5723"}],"collection":[{"href":"https:\/\/argilescolades.com\/es\/wp-json\/wp\/v2\/pages"}],"about":[{"href":"https:\/\/argilescolades.com\/es\/wp-json\/wp\/v2\/types\/page"}],"author":[{"embeddable":true,"href":"https:\/\/argilescolades.com\/es\/wp-json\/wp\/v2\/users\/1"}],"replies":[{"embeddable":true,"href":"https:\/\/argilescolades.com\/es\/wp-json\/wp\/v2\/comments?post=5723"}],"version-history":[{"count":1,"href":"https:\/\/argilescolades.com\/es\/wp-json\/wp\/v2\/pages\/5723\/revisions"}],"predecessor-version":[{"id":5724,"href":"https:\/\/argilescolades.com\/es\/wp-json\/wp\/v2\/pages\/5723\/revisions\/5724"}],"up":[{"embeddable":true,"href":"https:\/\/argilescolades.com\/es\/wp-json\/wp\/v2\/pages\/5709"}],"wp:featuredmedia":[{"embeddable":true,"href":"https:\/\/argilescolades.com\/es\/wp-json\/wp\/v2\/media\/5520"}],"wp:attachment":[{"href":"https:\/\/argilescolades.com\/es\/wp-json\/wp\/v2\/media?parent=5723"}],"wp:term":[{"taxonomy":"category","embeddable":true,"href":"https:\/\/argilescolades.com\/es\/wp-json\/wp\/v2\/categories?post=5723"},{"taxonomy":"post_tag","embeddable":true,"href":"https:\/\/argilescolades.com\/es\/wp-json\/wp\/v2\/tags?post=5723"}],"curies":[{"name":"wp","href":"https:\/\/api.w.org\/{rel}","templated":true}]}}