{"id":5725,"date":"2021-03-23T14:08:45","date_gmt":"2021-03-23T14:08:45","guid":{"rendered":"http:\/\/argilescolades.com\/pastas-ceramicas\/pasta-ceramica-no2-roja-tradicional\/"},"modified":"2021-09-21T07:40:18","modified_gmt":"2021-09-21T07:40:18","slug":"pasta-ceramica-no2-roja-tradicional","status":"publish","type":"page","link":"https:\/\/argilescolades.com\/es\/pastas-ceramicas\/pasta-ceramica-no2-roja-tradicional\/","title":{"rendered":"PASTA CER\u00c0MICA ROSADA"},"content":{"rendered":"<p>[vc_row][vc_column width=\u00bb1\/2&#8243;][vc_single_image image=\u00bb3715&#8243; img_size=\u00bblarge\u00bb alignment=\u00bbcenter\u00bb][\/vc_column][vc_column width=\u00bb1\/2&#8243;][vc_single_image image=\u00bb3717&#8243; img_size=\u00bblarge\u00bb alignment=\u00bbcenter\u00bb][\/vc_column][\/vc_row][vc_row][vc_column][vc_column_text]<\/p>\n<h1>PASTA CER\u00c1MICA ROSADA<\/h1>\n<p class=\"poligaletesp\">Masa pl\u00e1stica con un 18-21% de humedad<\/p>\n<p class=\"poligaletesp\">Aplicaci\u00f3n para uso alfarero, prensado y extrusi\u00f3n<\/p>\n<h1>AN\u00c1LISIS QU\u00cdMICO<\/h1>\n<h2>COMPOSICI\u00d3N QU\u00cdMICA (An\u00e1lisis Elemental expresado en %)<\/h2>\n<p class=\"poligaletesp\">SiO2 &#8211; 47,90%<\/p>\n<p class=\"poligaletesp\">Al2O3 &#8211; 17,60%<\/p>\n<p class=\"poligaletesp\">Fe2O3 &#8211; 5,26%<\/p>\n<p class=\"poligaletesp\">CaO &#8211; 9,40%<\/p>\n<p class=\"poligaletesp\">MgO &#8211; 1,41%<\/p>\n<p class=\"poligaletesp\">Na2O &#8211; 0,98%<\/p>\n<p class=\"poligaletesp\">K2O &#8211; 2,88%<\/p>\n<h2>PROPIEDADES EN COCIDO<\/h2>\n<p class=\"poligaletesp\">TEMPERATURA DE COCCI\u00d3N: 1000-1080 \u00baC<\/p>\n<p class=\"poligaletesp\">ABSORCI\u00d3N DE AGUA: 12-16%<\/p>\n<p class=\"poligaletesp\">CONTRACCI\u00d3N DE COCCI\u00d3N: 1-1,2%<\/p>\n<p class=\"poligaletesp\">RESISTENCIA MEC\u00c1NICA: 26,4N\/mm2<\/p>\n<p class=\"poligaletesp\">COEFICIENTE DE DILATACI\u00d3N: 67&#215;10^-7\u00baC<\/p>\n<p class=\"poligaletesp\">COLOR: Rosado<\/p>\n<h2>PROPIEDADES EN CRUDO<\/h2>\n<p class=\"poligaletesp\">CONTRACCI\u00d3N DE SECADO: 6-6&#8217;5%<\/p>\n<p class=\"poligaletesp\">CALCIMETRIA: 12%<\/p>\n<p class=\"poligaletesp\">PERDIDA AL FUEGO: 15%<\/p>\n<p>[\/vc_column_text][\/vc_column][\/vc_row][vc_row][vc_column][vc_empty_space][vc_btn title=\u00bbDescargar Ficha\u00bb color=\u00bbblack\u00bb align=\u00bbcenter\u00bb link=\u00bburl:http%3A%2F%2Fargilescolades.com%2Fwp-content%2Fuploads%2F2021%2F01%2FROSADA.pdf|target:_blank|\u00bb][\/vc_column][\/vc_row]<\/p>\n","protected":false},"excerpt":{"rendered":"<p>[vc_row][vc_column width=\u00bb1\/2&#8243;][vc_single_image image=\u00bb3715&#8243; img_size=\u00bblarge\u00bb alignment=\u00bbcenter\u00bb][\/vc_column][vc_column width=\u00bb1\/2&#8243;][vc_single_image image=\u00bb3717&#8243; img_size=\u00bblarge\u00bb alignment=\u00bbcenter\u00bb][\/vc_column][\/vc_row][vc_row][vc_column][vc_column_text] PASTA CER\u00c1MICA ROSADA Masa pl\u00e1stica con un 18-21% de humedad Aplicaci\u00f3n para uso alfarero, prensado y extrusi\u00f3n AN\u00c1LISIS QU\u00cdMICO COMPOSICI\u00d3N QU\u00cdMICA (An\u00e1lisis Elemental expresado en %) SiO2 &#8211; 47,90% Al2O3 &#8211; 17,60% Fe2O3 &#8211; 5,26% CaO &#8211; 9,40% MgO &#8211; 1,41% Na2O &#8211; 0,98% K2O &#8211; [&hellip;]<\/p>\n","protected":false},"author":1,"featured_media":5631,"parent":5709,"menu_order":0,"comment_status":"closed","ping_status":"closed","template":"","meta":[],"categories":[111],"tags":[],"_links":{"self":[{"href":"https:\/\/argilescolades.com\/es\/wp-json\/wp\/v2\/pages\/5725"}],"collection":[{"href":"https:\/\/argilescolades.com\/es\/wp-json\/wp\/v2\/pages"}],"about":[{"href":"https:\/\/argilescolades.com\/es\/wp-json\/wp\/v2\/types\/page"}],"author":[{"embeddable":true,"href":"https:\/\/argilescolades.com\/es\/wp-json\/wp\/v2\/users\/1"}],"replies":[{"embeddable":true,"href":"https:\/\/argilescolades.com\/es\/wp-json\/wp\/v2\/comments?post=5725"}],"version-history":[{"count":8,"href":"https:\/\/argilescolades.com\/es\/wp-json\/wp\/v2\/pages\/5725\/revisions"}],"predecessor-version":[{"id":5990,"href":"https:\/\/argilescolades.com\/es\/wp-json\/wp\/v2\/pages\/5725\/revisions\/5990"}],"up":[{"embeddable":true,"href":"https:\/\/argilescolades.com\/es\/wp-json\/wp\/v2\/pages\/5709"}],"wp:featuredmedia":[{"embeddable":true,"href":"https:\/\/argilescolades.com\/es\/wp-json\/wp\/v2\/media\/5631"}],"wp:attachment":[{"href":"https:\/\/argilescolades.com\/es\/wp-json\/wp\/v2\/media?parent=5725"}],"wp:term":[{"taxonomy":"category","embeddable":true,"href":"https:\/\/argilescolades.com\/es\/wp-json\/wp\/v2\/categories?post=5725"},{"taxonomy":"post_tag","embeddable":true,"href":"https:\/\/argilescolades.com\/es\/wp-json\/wp\/v2\/tags?post=5725"}],"curies":[{"name":"wp","href":"https:\/\/api.w.org\/{rel}","templated":true}]}}