{"id":5731,"date":"2021-03-23T14:19:19","date_gmt":"2021-03-23T14:19:19","guid":{"rendered":"http:\/\/argilescolades.com\/mortero-argilfibra\/"},"modified":"2022-08-29T11:55:47","modified_gmt":"2022-08-29T11:55:47","slug":"mortero-argilfibra","status":"publish","type":"page","link":"https:\/\/argilescolades.com\/es\/mortero-argilfibra\/","title":{"rendered":"MORTERO ARGILFIBRA"},"content":{"rendered":"<p>[vc_row][vc_column][vc_column_text]<\/p>\n<h1 style=\"text-align: center;\">Mortero Argilfibra<\/h1>\n<p>[\/vc_column_text][vc_empty_space][\/vc_column][\/vc_row][vc_row][vc_column width=\u00bb1\/4&#8243;][vc_single_image image=\u00bb2886&#8243; img_size=\u00bblarge\u00bb alignment=\u00bbcenter\u00bb onclick=\u00bbzoom\u00bb][vc_empty_space][vc_text_separator title=\u00bbNormal\u00bb style=\u00bbdashed\u00bb][vc_empty_space][vc_empty_space][\/vc_column][vc_column width=\u00bb1\/4&#8243;][vc_single_image image=\u00bb2887&#8243; img_size=\u00bblarge\u00bb alignment=\u00bbcenter\u00bb onclick=\u00bbzoom\u00bb][vc_empty_space][vc_text_separator title=\u00bb2a capa gran\u00edtica\u00bb style=\u00bbdashed\u00bb][\/vc_column][vc_column width=\u00bb1\/4&#8243;][vc_single_image image=\u00bb2888&#8243; img_size=\u00bblarge\u00bb alignment=\u00bbcenter\u00bb onclick=\u00bbzoom\u00bb][vc_empty_space][vc_text_separator title=\u00bbCalcareo\u00bb style=\u00bbdashed\u00bb][\/vc_column][vc_column width=\u00bb1\/4&#8243;][vc_single_image image=\u00bb2889&#8243; img_size=\u00bblarge\u00bb alignment=\u00bbcenter\u00bb onclick=\u00bbzoom\u00bb][vc_empty_space][vc_text_separator title=\u00bbFibra\u00bb style=\u00bbdashed\u00bb][\/vc_column][\/vc_row][vc_row][vc_column][vc_column_text]<\/p>\n<h3>Descripcio\u0301n<\/h3>\n<p class=\"poligaletesp\">Mortero base de arcilla y fibra para su utilizaci\u00f3n en revestimientos continuos.<\/p>\n<p class=\"poligaletesp\">Una vez aplicado y secado el material, la pared es permeable al vapor de agua y adquiere propiedades de regulaci\u00f3n de humedad de la estancia y baja conductividad t\u00e9rmica.<\/p>\n<h3>Soporte a aplicar<\/h3>\n<p class=\"poligaletesp\">Aplicaci\u00f3n sobre soporte poroso, cer\u00e1mica, madera, escayola, cemento\u2026<\/p>\n<p class=\"poligaletesp\">Para soportes poco porosos aplicar un mortero de uni\u00f3n como lechada de cal, etc..<\/p>\n<p class=\"poligaletesp\">Los soportes deben estar limpios de polvo y partes susceptibles a estar sueltas.<\/p>\n<h3>Preparaci\u00f3n del mortero<\/h3>\n<p class=\"poligaletesp\">Para aplicaci\u00f3n manual hace falta a\u00f1adir un 20-23% de agua. Es aconsejable insistir en la agitaci\u00f3n y pastado del producto para poder tener una humectaci\u00f3n del mortero uniforme.<\/p>\n<p class=\"poligaletesp\">Para aplicaci\u00f3n a maquina hace falta a\u00f1adir un 20% de agua.<br \/>\nEn caso de p\u00e9rdida de agua durante la aplicaci\u00f3n del producto se puede volver a pastar.<\/p>\n<h3>Suministro<\/h3>\n<p class=\"poligaletesp\">En saco de papel de 20 kg<\/p>\n<p class=\"poligaletesp\">En bigbag de 1000-1100 kg<\/p>\n<p>[\/vc_column_text][\/vc_column][\/vc_row][vc_row css=\u00bb.vc_custom_1611749992261{margin-top: 50px !important;}\u00bb][vc_column][vc_column_text]<\/p>\n<h2>Caracter\u00edsticas t\u00e9cnicas base+fibra<\/h2>\n<p class=\"poligaletesp\">Densidad aparente: 890kg\/m3<\/p>\n<p class=\"poligaletesp\">Densidad aparente del mortero: 1700kg\/m3<\/p>\n<p class=\"poligaletesp\">Rendimiento: 1,5Kg\/m2 x mm<\/p>\n<p class=\"poligaletesp\">Resistencia de compresi\u00f3n: 1,39N\/mm2<\/p>\n<p class=\"poligaletesp\">Resistencia de adhesi\u00f3n: 0,10N\/mm2<\/p>\n<p class=\"poligaletesp\">Conductividad t\u00e9rmica: 0,15m2 K\/W<\/p>\n<p class=\"poligaletesp\">Absorci\u00f3n de vapor de agua: 95 g. agua\/m2 x cm<\/p>\n<p>[\/vc_column_text][\/vc_column][\/vc_row][vc_row][vc_column][vc_empty_space][vc_btn title=\u00bbDescargar Ficha\u00bb color=\u00bbblack\u00bb align=\u00bbcenter\u00bb link=\u00bburl:http%3A%2F%2Fargilescolades.com%2Fwp-content%2Fuploads%2F2022%2F08%2FMORTERO-ARGILFIBRA-ESP_fitxa.pdf|target:_blank|\u00bb][\/vc_column][\/vc_row]<\/p>\n","protected":false},"excerpt":{"rendered":"<p>[vc_row][vc_column][vc_column_text] Mortero Argilfibra [\/vc_column_text][vc_empty_space][\/vc_column][\/vc_row][vc_row][vc_column width=\u00bb1\/4&#8243;][vc_single_image image=\u00bb2886&#8243; img_size=\u00bblarge\u00bb alignment=\u00bbcenter\u00bb onclick=\u00bbzoom\u00bb][vc_empty_space][vc_text_separator title=\u00bbNormal\u00bb style=\u00bbdashed\u00bb][vc_empty_space][vc_empty_space][\/vc_column][vc_column width=\u00bb1\/4&#8243;][vc_single_image image=\u00bb2887&#8243; img_size=\u00bblarge\u00bb alignment=\u00bbcenter\u00bb onclick=\u00bbzoom\u00bb][vc_empty_space][vc_text_separator title=\u00bb2a capa gran\u00edtica\u00bb style=\u00bbdashed\u00bb][\/vc_column][vc_column width=\u00bb1\/4&#8243;][vc_single_image image=\u00bb2888&#8243; img_size=\u00bblarge\u00bb alignment=\u00bbcenter\u00bb onclick=\u00bbzoom\u00bb][vc_empty_space][vc_text_separator title=\u00bbCalcareo\u00bb style=\u00bbdashed\u00bb][\/vc_column][vc_column width=\u00bb1\/4&#8243;][vc_single_image image=\u00bb2889&#8243; img_size=\u00bblarge\u00bb alignment=\u00bbcenter\u00bb onclick=\u00bbzoom\u00bb][vc_empty_space][vc_text_separator title=\u00bbFibra\u00bb style=\u00bbdashed\u00bb][\/vc_column][\/vc_row][vc_row][vc_column][vc_column_text] Descripcio\u0301n Mortero base de arcilla y fibra para su utilizaci\u00f3n en revestimientos continuos. Una vez aplicado y secado el material, la [&hellip;]<\/p>\n","protected":false},"author":1,"featured_media":5268,"parent":0,"menu_order":0,"comment_status":"closed","ping_status":"closed","template":"","meta":[],"categories":[113,112],"tags":[],"_links":{"self":[{"href":"https:\/\/argilescolades.com\/es\/wp-json\/wp\/v2\/pages\/5731"}],"collection":[{"href":"https:\/\/argilescolades.com\/es\/wp-json\/wp\/v2\/pages"}],"about":[{"href":"https:\/\/argilescolades.com\/es\/wp-json\/wp\/v2\/types\/page"}],"author":[{"embeddable":true,"href":"https:\/\/argilescolades.com\/es\/wp-json\/wp\/v2\/users\/1"}],"replies":[{"embeddable":true,"href":"https:\/\/argilescolades.com\/es\/wp-json\/wp\/v2\/comments?post=5731"}],"version-history":[{"count":2,"href":"https:\/\/argilescolades.com\/es\/wp-json\/wp\/v2\/pages\/5731\/revisions"}],"predecessor-version":[{"id":6030,"href":"https:\/\/argilescolades.com\/es\/wp-json\/wp\/v2\/pages\/5731\/revisions\/6030"}],"wp:featuredmedia":[{"embeddable":true,"href":"https:\/\/argilescolades.com\/es\/wp-json\/wp\/v2\/media\/5268"}],"wp:attachment":[{"href":"https:\/\/argilescolades.com\/es\/wp-json\/wp\/v2\/media?parent=5731"}],"wp:term":[{"taxonomy":"category","embeddable":true,"href":"https:\/\/argilescolades.com\/es\/wp-json\/wp\/v2\/categories?post=5731"},{"taxonomy":"post_tag","embeddable":true,"href":"https:\/\/argilescolades.com\/es\/wp-json\/wp\/v2\/tags?post=5731"}],"curies":[{"name":"wp","href":"https:\/\/api.w.org\/{rel}","templated":true}]}}