{"id":5735,"date":"2021-03-23T14:31:16","date_gmt":"2021-03-23T14:31:16","guid":{"rendered":"http:\/\/argilescolades.com\/bioconstruccio\/"},"modified":"2021-03-23T14:31:17","modified_gmt":"2021-03-23T14:31:17","slug":"bioconstruccio","status":"publish","type":"page","link":"https:\/\/argilescolades.com\/es\/bioconstruccio\/","title":{"rendered":"BIOCONSTRUCCI\u00d3"},"content":{"rendered":"<p>[vc_row][vc_column][vc_single_image image=\u00bb3408&#8243; img_size=\u00bbfull\u00bb alignment=\u00bbcenter\u00bb][vc_column_text css=\u00bb.vc_custom_1611761537834{margin-top: 50px !important;}\u00bb]<\/p>\n<p class=\"poligaletesp\">Hace m\u00e1s de 50 a\u00f1os que estamos en relaci\u00f3n con el sector de la construcci\u00f3n a trav\u00e9s de nuestros productos. Este largo bagaje profesional nos ha llevado a asumir el compromiso y el respeto a la tradici\u00f3n como valores de referencia, pero con la vista puesta en el futuro y en la permanente b\u00fasqueda de nuevos productos y soluciones constructivas.<\/p>\n<p class=\"poligaletesp\">Existen innumerables t\u00e9cnicas y procedimientos para utilizar la tierra (la arcilla) y la cal (la piedra caliza sometida a altas temperaturas) para recubrir nuestros muros. La tierra es el material de m\u00e1s alto rendimiento higrosc\u00f3pico que conocemos, dentro de los materiales aptos para la construcci\u00f3n, tiene una enorme capacidad de absorber y entregar agua regulando as\u00ed la humedad ambiental de nuestro entorno.<\/p>\n<p class=\"poligaletesp\">La resistencia al paso del vapor de la tierra (\u03bc entre 5 y 10) es entre 10 y 15 veces menor que la del cemento (\u03bc = 82) y 40 veces menor que la de un panel de OSB3 (\u03bc = 217). La tierra nos aporta arcilla, que combinada con \u00e1ridos, pigmentos y otros aditivos nos permite crear capas protectoras, estructurales o decorativas. El enlucido de tierra proporciona inercia t\u00e9rmica, permite acumular calor, igualmente ayudando a mantener los espacios c\u00e1lidos en invierno y frescos en verano. La tierra es la mejor protecci\u00f3n a todo tipo de irradiaciones electromagn\u00e9ticas y sistemas energ\u00e9ticos nocivos para los humanos.<\/p>\n<p>&nbsp;[\/vc_column_text][vc_hoverbox image=\u00bb3411&#8243; primary_title=\u00bb\u00bb hover_title=\u00bb\u00bb hover_btn_title=\u00bbCAT\u00c1LOGO ARGILFIBRA 2021&#8243; hover_btn_color=\u00bbblack\u00bb hover_add_button=\u00bbtrue\u00bb hover_btn_link=\u00bburl:http%3A%2F%2Fargilescolades.com%2Fwp-content%2Fuploads%2F2021%2F01%2FArgilfibra_CAT_2021.pdf|title:ARGILFIBRA%202021|target:_blank|\u00bb]<\/p>\n<ul>\n<li style=\"text-align: center;\">\n<h6>Transpirable y permeable al vapor de agua<\/h6>\n<\/li>\n<li style=\"text-align: center;\">\n<h6>Regulaci\u00f3n de la humedad<\/h6>\n<\/li>\n<li style=\"text-align: center;\">\n<h6>Absorci\u00f3n de olores y ruidos<\/h6>\n<\/li>\n<li style=\"text-align: center;\">\n<h6>Baja conductividad t\u00e9rmica<\/h6>\n<\/li>\n<li style=\"text-align: center;\">\n<h6>F\u00e1cil manejabilidad<\/h6>\n<\/li>\n<\/ul>\n<p>[\/vc_hoverbox][\/vc_column][\/vc_row][vc_row][vc_column][\/vc_column][\/vc_row]<\/p>\n","protected":false},"excerpt":{"rendered":"<p>[vc_row][vc_column][vc_single_image image=\u00bb3408&#8243; img_size=\u00bbfull\u00bb alignment=\u00bbcenter\u00bb][vc_column_text css=\u00bb.vc_custom_1611761537834{margin-top: 50px !important;}\u00bb] Hace m\u00e1s de 50 a\u00f1os que estamos en relaci\u00f3n con el sector de la construcci\u00f3n a trav\u00e9s de nuestros productos. Este largo bagaje profesional nos ha llevado a asumir el compromiso y el respeto a la tradici\u00f3n como valores de referencia, pero con la vista puesta en el [&hellip;]<\/p>\n","protected":false},"author":1,"featured_media":0,"parent":0,"menu_order":0,"comment_status":"closed","ping_status":"closed","template":"","meta":[],"categories":[],"tags":[],"_links":{"self":[{"href":"https:\/\/argilescolades.com\/es\/wp-json\/wp\/v2\/pages\/5735"}],"collection":[{"href":"https:\/\/argilescolades.com\/es\/wp-json\/wp\/v2\/pages"}],"about":[{"href":"https:\/\/argilescolades.com\/es\/wp-json\/wp\/v2\/types\/page"}],"author":[{"embeddable":true,"href":"https:\/\/argilescolades.com\/es\/wp-json\/wp\/v2\/users\/1"}],"replies":[{"embeddable":true,"href":"https:\/\/argilescolades.com\/es\/wp-json\/wp\/v2\/comments?post=5735"}],"version-history":[{"count":1,"href":"https:\/\/argilescolades.com\/es\/wp-json\/wp\/v2\/pages\/5735\/revisions"}],"predecessor-version":[{"id":5736,"href":"https:\/\/argilescolades.com\/es\/wp-json\/wp\/v2\/pages\/5735\/revisions\/5736"}],"wp:attachment":[{"href":"https:\/\/argilescolades.com\/es\/wp-json\/wp\/v2\/media?parent=5735"}],"wp:term":[{"taxonomy":"category","embeddable":true,"href":"https:\/\/argilescolades.com\/es\/wp-json\/wp\/v2\/categories?post=5735"},{"taxonomy":"post_tag","embeddable":true,"href":"https:\/\/argilescolades.com\/es\/wp-json\/wp\/v2\/tags?post=5735"}],"curies":[{"name":"wp","href":"https:\/\/api.w.org\/{rel}","templated":true}]}}