{"id":5739,"date":"2021-03-23T15:03:53","date_gmt":"2021-03-23T15:03:53","guid":{"rendered":"http:\/\/argilescolades.com\/historia\/"},"modified":"2021-03-23T15:03:53","modified_gmt":"2021-03-23T15:03:53","slug":"historia","status":"publish","type":"page","link":"https:\/\/argilescolades.com\/es\/historia\/","title":{"rendered":"Historia"},"content":{"rendered":"<p>[vc_row][vc_column][vc_column_text]<\/p>\n<h2 >1967 El inicio.<\/h2>\n<p class=\"poligaletesp\"><em><b>La epoca:<\/b><\/em>  Una d\u00e9cada importante, en los a\u00f1os 60, al ecuador del siglo XX, una etapa de nuestra civilizaci\u00f3n donde la t\u00e9cnica era capaz de alcanzar objetivos imposibles como la exploraci\u00f3n espacial, nace ARGILES COLADES S.A.<\/p>\n<p class=\"poligaletesp\"><em><b>El lugar:<\/b><\/em> Los antecedentes de esta empresa familiar se remontan a las f\u00e1bricas cer\u00e1micas de La Bisbal d\u2019Empord\u00e0 (Girona). Poblaci\u00f3n de gran tradici\u00f3n cer\u00e1mica que concentra un gran n\u00famero de talleres artesanos de cer\u00e1mica art\u00edstica como de cer\u00e1mica industrial.<\/p>\n<p class=\"poligaletesp\"><em><b>El emprendedor:<\/b><\/em> Joaqu\u00edm Trayter Crist\u00f3fol fund\u00f3 la empresa ARCILLAS COLADAS J. TRAYTER. Esta sociedad pasar\u00eda a denominarse en 1980 ARGILES COLADES S.A. con a misma raz\u00f3n social que en la actualidad.<\/p>\n<p class=\"poligaletesp\"><em><b>La finalidad:<\/b><\/em> La empresa naci\u00f3 innovando y utilizando en su proceso productivo los primeros filtros prensa que substituyeron los tradicionales charcos al aire libre. La aplicaci\u00f3n industrial consigui\u00f3 alcanzar una producci\u00f3n de arcilla suficiente para abastecer las principales fabricas y talleres de cer\u00e1mica, convirti\u00e9ndose en el primer  fabricante de Europa.<\/p>\n<p>[\/vc_column_text][\/vc_column][\/vc_row][vc_row css=\u00bb.vc_custom_1611751839890{margin-top: 50px !important;margin-bottom: 50px !important;}\u00bb][vc_column][vc_single_image image=\u00bb3402&#8243; img_size=\u00bbfull\u00bb alignment=\u00bbcenter\u00bb][\/vc_column][\/vc_row][vc_row css=\u00bb.vc_custom_1611751856761{margin-top: 50px !important;}\u00bb][vc_column][vc_column_text]<\/p>\n<h3>D\u00e9cada de los 80.<\/h3>\n<p class=\"poligaletesp\">En 1987 se construye una nueva planta para la fabricaci\u00f3n de barro mediante la arcilla molturada en un molino pendular. De esta forma nace nuestra primera gran marca, la ARCILLA PEN. La aceptaci\u00f3n en los mercados gener\u00f3 la demanda.<\/p>\n<h3>D\u00e9cada de los 90.<\/h3>\n<p class=\"poligaletesp\">Continuando el proceso de crecimiento, en 1994 nace nuestro barro Refractario. La empresa utiliza una inversi\u00f3n en planta para modificar sus detalles. La decisi\u00f3n era clara, se tenia que incorporar a nuestra producci\u00f3n un material cer\u00e1mico resistente al fuego. La evoluci\u00f3n en la calidad de las pastas y las infinitas posibilidades de las nuevas tecnolog\u00edas eran una clara direcci\u00f3n para el futuro de la cer\u00e1mica y la empresa.<\/p>\n<h3>Actualidad<\/h3>\n<p class=\"poligaletesp\">L&#8217;empresa, amb una marca comercial principal, ARGILES COLADES i ARGILFIBRA, disposa de capacitat per produir mes de 6 tipus diferents d&#8217;argiles.<\/p>\n<p><p class=\"poligaletesp\">Desde els seus inicis al 1967, Desde sus inicios en 1967, ARGILES COLADES S.A. ha mantenido siempre el claro compromiso para ofrecer un producto de calidad, y el servicio adecuado que los clientes requieren. Este compromiso y esfuerzo humano forma parte inherente hoy en d\u00eda de la pol\u00edtica de calidad de ARGILES COLADES S.A., y ha sido elemente clave a la hora de planificar las estrategias empresariales de la empresa.<\/p>\n<p>[\/vc_column_text][\/vc_column][\/vc_row]<\/p>\n","protected":false},"excerpt":{"rendered":"<p>[vc_row][vc_column][vc_column_text] 1967 El inicio. La epoca: Una d\u00e9cada importante, en los a\u00f1os 60, al ecuador del siglo XX, una etapa de nuestra civilizaci\u00f3n donde la t\u00e9cnica era capaz de alcanzar objetivos imposibles como la exploraci\u00f3n espacial, nace ARGILES COLADES S.A. El lugar: Los antecedentes de esta empresa familiar se remontan a las f\u00e1bricas cer\u00e1micas de [&hellip;]<\/p>\n","protected":false},"author":1,"featured_media":5019,"parent":0,"menu_order":0,"comment_status":"closed","ping_status":"closed","template":"","meta":[],"categories":[],"tags":[],"_links":{"self":[{"href":"https:\/\/argilescolades.com\/es\/wp-json\/wp\/v2\/pages\/5739"}],"collection":[{"href":"https:\/\/argilescolades.com\/es\/wp-json\/wp\/v2\/pages"}],"about":[{"href":"https:\/\/argilescolades.com\/es\/wp-json\/wp\/v2\/types\/page"}],"author":[{"embeddable":true,"href":"https:\/\/argilescolades.com\/es\/wp-json\/wp\/v2\/users\/1"}],"replies":[{"embeddable":true,"href":"https:\/\/argilescolades.com\/es\/wp-json\/wp\/v2\/comments?post=5739"}],"version-history":[{"count":1,"href":"https:\/\/argilescolades.com\/es\/wp-json\/wp\/v2\/pages\/5739\/revisions"}],"predecessor-version":[{"id":5740,"href":"https:\/\/argilescolades.com\/es\/wp-json\/wp\/v2\/pages\/5739\/revisions\/5740"}],"wp:featuredmedia":[{"embeddable":true,"href":"https:\/\/argilescolades.com\/es\/wp-json\/wp\/v2\/media\/5019"}],"wp:attachment":[{"href":"https:\/\/argilescolades.com\/es\/wp-json\/wp\/v2\/media?parent=5739"}],"wp:term":[{"taxonomy":"category","embeddable":true,"href":"https:\/\/argilescolades.com\/es\/wp-json\/wp\/v2\/categories?post=5739"},{"taxonomy":"post_tag","embeddable":true,"href":"https:\/\/argilescolades.com\/es\/wp-json\/wp\/v2\/tags?post=5739"}],"curies":[{"name":"wp","href":"https:\/\/api.w.org\/{rel}","templated":true}]}}