{"id":5882,"date":"2021-03-25T09:59:19","date_gmt":"2021-03-25T09:59:19","guid":{"rendered":"http:\/\/argilescolades.com\/home\/"},"modified":"2021-03-25T10:05:46","modified_gmt":"2021-03-25T10:05:46","slug":"home","status":"publish","type":"page","link":"https:\/\/argilescolades.com\/fr\/","title":{"rendered":"Home"},"content":{"rendered":"<p>[vc_row][vc_column][rev_slider_vc alias=\u00a0\u00bbhome\u00a0\u00bb][\/vc_column][\/vc_row][vc_row][vc_column][vc_separator][\/vc_column][\/vc_row][vc_row full_width=\u00a0\u00bbstretch_row_content_no_spaces\u00a0\u00bb equal_height=\u00a0\u00bbyes\u00a0\u00bb column_same_height=\u00a0\u00bbyes\u00a0\u00bb custom_responsive=\u00a0\u00bbsmall-1-column\u00a0\u00bb custom_row_image=\u00a0\u00bb591&Prime; css=\u00a0\u00bb.vc_custom_1520273179561{background-color: #ffffff !important;}\u00a0\u00bb][vc_column offset=\u00a0\u00bbvc_col-lg-12 vc_col-md-12&Prime; css=\u00a0\u00bb.vc_custom_1611920998164{padding-right: 20px !important;padding-left: 20px !important;}\u00a0\u00bb][vc_empty_space height=\u00a0\u00bb80px\u00a0\u00bb][cms_heading hd_subtitle=\u00a0\u00bbL&rsquo;exp\u00e9rience dans le processus, notre valeur la plus pr\u00e9cieuse\u00a0\u00bb subtitle_color=\u00a0\u00bb#0a0a0a\u00a0\u00bb hd_title=\u00a0\u00bbNOS PRODUITS\u00a0\u00bb title_color=\u00a0\u00bb#0a0a0a\u00a0\u00bb hd_description=\u00a0\u00bbGr\u00e2ce \u00e0 notre exp\u00e9rience dans les proc\u00e9d\u00e9s, nous fabriquons plus de 6 variantes d&rsquo;argiles et nous pouvons cr\u00e9er des compos\u00e9s pour tous types de demandes.\u00a0\u00bb description_color=\u00a0\u00bb#000000&Prime; content_align=\u00a0\u00bbleft\u00a0\u00bb custom_class=\u00a0\u00bbtitolnostresproductes\u00a0\u00bb cms_template=\u00a0\u00bbcms_heading&#8211;layout3.php\u00a0\u00bb][vc_empty_space height=\u00a0\u00bb20px\u00a0\u00bb][vc_row_inner][vc_column_inner el_class=\u00a0\u00bbnostresproductescolumna\u00a0\u00bb width=\u00a0\u00bb1\/2&Prime;][cms_fancybox_single title_item=\u00a0\u00bbArgiles\u00a0\u00bb desc_color=\u00a0\u00bb#000000&Prime; description_item=\u00a0\u00bbIls se caract\u00e9risent par l\u2019acquisition de plasticit\u00e9, ainsi que le son et la duret\u00e9 quand ils sont cuits \u00e0 plus de 800 \u00baC.\u00a0\u00bb cms_template=\u00a0\u00bbcms_fancybox_single&#8211;layout1.php\u00a0\u00bb][vc_empty_space height=\u00a0\u00bb22px\u00a0\u00bb][cms_fancybox_single icon_type=\u00a0\u00bblinecons\u00a0\u00bb title_item=\u00a0\u00bbMortiers\u00a0\u00bb desc_color=\u00a0\u00bb#000000&Prime; description_item=\u00a0\u00bbC\u2019est un compos\u00e9 de conglom\u00e9rats inorganiques, d\u2019agr\u00e9gats fins et d\u2019eau, et d\u2019additifs \u00e9ventuels, qui sont utilis\u00e9s pour assortir des \u00e9l\u00e9ments de construction tels que des briques, des pierres, des blocs de b\u00e9ton, etc.\u00a0\u00bb cms_template=\u00a0\u00bbcms_fancybox_single&#8211;layout1.php\u00a0\u00bb][\/vc_column_inner][vc_column_inner el_class=\u00a0\u00bbnostresproductescolumna\u00a0\u00bb width=\u00a0\u00bb1\/2&Prime;][cms_fancybox_single icon_type=\u00a0\u00bbtypicons\u00a0\u00bb title_item=\u00a0\u00bbP\u00e2tes c\u00e9ramiques\u00a0\u00bb desc_color=\u00a0\u00bb#000000&Prime; description_item=\u00a0\u00bbLa p\u00e2te c\u00e9ramique est un type de m\u00e9lange compos\u00e9 d\u2019argile, de d\u00e9graissage et de fusion, avec une meilleure vitrification et une porosit\u00e9 r\u00e9duite.\u00a0\u00bb cms_template=\u00a0\u00bbcms_fancybox_single&#8211;layout1.php\u00a0\u00bb][vc_empty_space height=\u00a0\u00bb22px\u00a0\u00bb][cms_fancybox_single icon_type=\u00a0\u00bblinecons\u00a0\u00bb title_item=\u00a0\u00bbChamottes\u00a0\u00bb desc_color=\u00a0\u00bb#000000&Prime; description_item=\u00a0\u00bbMat\u00e9riau granulaire obtenu \u00e0 partir du poudrage de briques, pierres r\u00e9fractaires ou autres produits c\u00e9ramiques cuits. Il a un pourcentage \u00e9lev\u00e9 de silice et d\u2019alumine.\u00a0\u00bb cms_template=\u00a0\u00bbcms_fancybox_single&#8211;layout1.php\u00a0\u00bb][\/vc_column_inner][\/vc_row_inner][vc_empty_space height=\u00a0\u00bb70px\u00a0\u00bb][vc_text_separator title=\u00a0\u00bbArgiles\u00a0\u00bb css=\u00a0\u00bb.vc_custom_1611316724562{margin-bottom: 30px !important;}\u00a0\u00bb][\/vc_column][\/vc_row][vc_row][vc_column][vc_basic_grid post_type=\u00a0\u00bbpage\u00a0\u00bb max_items=\u00a0\u00bb10&Prime; element_width=\u00a0\u00bb3&Prime; orderby=\u00a0\u00bbtitle\u00a0\u00bb order=\u00a0\u00bbASC\u00a0\u00bb item=\u00a0\u00bb3575&Prime; grid_id=\u00a0\u00bbvc_gid:1616666683080-1b03841a-6641-10&Prime; taxonomies=\u00a0\u00bb67&Prime; exclude=\u00a0\u00bb3596&Prime;][vc_text_separator title=\u00a0\u00bbP\u00e2tes c\u00e9ramiques\u00a0\u00bb css=\u00a0\u00bb.vc_custom_1611316737441{margin-top: 50px !important;margin-bottom: 30px !important;}\u00a0\u00bb][vc_basic_grid post_type=\u00a0\u00bbpage\u00a0\u00bb max_items=\u00a0\u00bb10&Prime; element_width=\u00a0\u00bb3&Prime; orderby=\u00a0\u00bbtitle\u00a0\u00bb order=\u00a0\u00bbASC\u00a0\u00bb item=\u00a0\u00bb3575&Prime; grid_id=\u00a0\u00bbvc_gid:1616666683083-f4878f4f-7dcc-1&Prime; taxonomies=\u00a0\u00bb69&Prime; exclude=\u00a0\u00bb3605&Prime;][\/vc_column][\/vc_row][vc_row][vc_column][vc_empty_space][vc_text_separator title=\u00a0\u00bbMortiers\u00a0\u00bb css=\u00a0\u00bb.vc_custom_1611316437169{margin-top: 50px !important;}\u00a0\u00bb][vc_basic_grid post_type=\u00a0\u00bbpage\u00a0\u00bb max_items=\u00a0\u00bb10&Prime; element_width=\u00a0\u00bb3&Prime; orderby=\u00a0\u00bbtitle\u00a0\u00bb order=\u00a0\u00bbASC\u00a0\u00bb item=\u00a0\u00bb3575&Prime; grid_id=\u00a0\u00bbvc_gid:1616666683085-72ee997f-f5b1-1&Prime; taxonomies=\u00a0\u00bb71&Prime; exclude=\u00a0\u00bb3746&Prime;][\/vc_column][\/vc_row][vc_row][vc_column][vc_empty_space height=\u00a0\u00bb40px\u00a0\u00bb][\/vc_column][\/vc_row][vc_row full_width=\u00a0\u00bbstretch_row\u00a0\u00bb parallax=\u00a0\u00bbcontent-moving\u00a0\u00bb parallax_image=\u00a0\u00bb183&Prime; cms_row_class=\u00a0\u00bbrow-overlay\u00a0\u00bb background_overlay_color=\u00a0\u00bbyes\u00a0\u00bb css=\u00a0\u00bb.vc_custom_1506523194317{padding-top: 86px !important;padding-bottom: 90px !important;background-color: rgba(26,26,26,0.85) !important;background-position: center;background-repeat: no-repeat;background-size:cover;*background-color:gb(26,26,26);}\u00a0\u00bb row_overlay_color=\u00a0\u00bbrgba(27,26,26,0.86)\u00a0\u00bb][vc_column][cms_heading hd_subtitle=\u00a0\u00bbFaites-nous\u00a0\u00bb subtitle_color=\u00a0\u00bb#e5e4e4&Prime; hd_title=\u00a0\u00bbVOTRE DEMANDE\u00a0\u00bb title_color=\u00a0\u00bb#ffffff\u00a0\u00bb hd_description=\u00a0\u00bbContactez-nous et nous vous aiderons dans les plus brefs d\u00e9lais.\u00a0\u00bb description_color=\u00a0\u00bb#ffffff\u00a0\u00bb text_color=\u00a0\u00bb#ffffff\u00a0\u00bb cms_template=\u00a0\u00bbcms_heading.php\u00a0\u00bb][vc_empty_space height=\u00a0\u00bb42px\u00a0\u00bb]<div role=\"form\" class=\"wpcf7\" id=\"wpcf7-f5887-o1\" lang=\"fr-FR\" dir=\"ltr\">\n<div class=\"screen-reader-response\"><p role=\"status\" aria-live=\"polite\" aria-atomic=\"true\"><\/p> <ul><\/ul><\/div>\n<form action=\"\/fr\/wp-json\/wp\/v2\/pages\/5882#wpcf7-f5887-o1\" method=\"post\" class=\"wpcf7-form init\" novalidate=\"novalidate\" data-status=\"init\">\n<div style=\"display: none;\">\n<input type=\"hidden\" name=\"_wpcf7\" value=\"5887\" \/>\n<input type=\"hidden\" name=\"_wpcf7_version\" value=\"5.4.2\" \/>\n<input type=\"hidden\" name=\"_wpcf7_locale\" value=\"fr_FR\" \/>\n<input type=\"hidden\" name=\"_wpcf7_unit_tag\" value=\"wpcf7-f5887-o1\" \/>\n<input type=\"hidden\" name=\"_wpcf7_container_post\" value=\"0\" \/>\n<input type=\"hidden\" name=\"_wpcf7_posted_data_hash\" value=\"\" \/>\n<input type=\"hidden\" name=\"_wpcf7_recaptcha_response\" value=\"\" \/>\n<\/div>\n<div class=\"form-practice\">\n<div class=\"row\">\n<div class=\"col-xs-12 col-sm-6 col-md-6 col-lg-6\">\n<div class=\"wpcf7-form-item\"><span class=\"wpcf7-form-control-wrap text-744\"><input type=\"text\" name=\"text-744\" value=\"\" size=\"40\" class=\"wpcf7-form-control wpcf7-text\" aria-invalid=\"false\" placeholder=\"NOM\" \/><\/span><\/div>\n<\/div>\n<div class=\"col-xs-12 col-sm-6 col-md-6 col-lg-6\">\n<div class=\"wpcf7-form-item\"><span class=\"wpcf7-form-control-wrap email\"><input type=\"email\" name=\"email\" value=\"\" size=\"40\" class=\"wpcf7-form-control wpcf7-text wpcf7-email wpcf7-validates-as-required wpcf7-validates-as-email\" aria-required=\"true\" aria-invalid=\"false\" placeholder=\"EMAIL\" \/><\/span><\/div>\n<\/div>\n<\/div>\n<div class=\"row\">\n<div class=\"col-xs-12 col-sm-12 col-md-12 col-lg-12 clearfix\">\n<div class=\"wpcf7-form-item\"><span class=\"wpcf7-form-control-wrap message\"><textarea name=\"message\" cols=\"40\" rows=\"10\" class=\"wpcf7-form-control wpcf7-textarea wpcf7-validates-as-required\" aria-required=\"true\" aria-invalid=\"false\" placeholder=\"MESSAGE\"><\/textarea><\/span><\/div>\n<\/div>\n<div class=\"col-xs-12 col-sm-12 col-md-12 col-lg-12 clearfix\">\n<div class=\"wpcf7-form-item\"><span class=\"wpcf7-form-control-wrap acceptance-503\"><span class=\"wpcf7-form-control wpcf7-acceptance optional\"><span class=\"wpcf7-list-item\"><label><input type=\"checkbox\" name=\"acceptance-503\" value=\"1\" aria-invalid=\"false\" \/><span class=\"wpcf7-list-item-label\">J'ai lu et j'accepte la <a href=\"http:\/\/argilescolades.com\/politica-de-privadesa\" rel=\"noopener nofollow noreferrer\" target=\"_blank\">politique de confidentialit\u00e9<\/a><\/span><\/label><\/span><\/span><\/span><\/div>\n<\/div>\n<div class=\"col-xs-12 col-sm-12 col-md-12 col-lg-12 clearfix\" style=\"margin-bottom:30px;\">\n<span class=\"wpcf7-form-control-wrap recaptcha\" data-name=\"recaptcha\"><span data-sitekey=\"6Lf5dzcaAAAAALLwxidEZEIDh7MCKRoJzwMCQOmR\" class=\"wpcf7-form-control g-recaptcha wpcf7-recaptcha\"><\/span>\r\n<noscript>\r\n\t<div class=\"grecaptcha-noscript\">\r\n\t\t<iframe src=\"https:\/\/www.google.com\/recaptcha\/api\/fallback?k=6Lf5dzcaAAAAALLwxidEZEIDh7MCKRoJzwMCQOmR\" frameborder=\"0\" scrolling=\"no\" width=\"310\" height=\"430\">\r\n\t\t<\/iframe>\r\n\t\t<textarea name=\"g-recaptcha-response\" rows=\"3\" cols=\"40\" placeholder=\"reCaptcha Response Here\">\r\n\t\t<\/textarea>\r\n\t<\/div>\r\n<\/noscript>\r\n<\/span>\n<\/div>\n<\/div>\n<div class=\"row\">\n<div class=\"col-xs-12 col-sm-4 col-md-3 col-lg-3\" style=\"padding-right: 30px;\">\n             <input type=\"submit\" value=\"Envoyer\" class=\"wpcf7-form-control wpcf7-submit btn btn-primary btn-lg\" \/>\n      <\/div>\n<\/div>\n<\/div>\n<div class=\"wpcf7-response-output\" aria-hidden=\"true\"><\/div><\/form><\/div>[\/vc_column][\/vc_row]<\/p>\n","protected":false},"excerpt":{"rendered":"<p>[vc_row][vc_column][rev_slider_vc alias=\u00a0\u00bbhome\u00a0\u00bb][\/vc_column][\/vc_row][vc_row][vc_column][vc_separator][\/vc_column][\/vc_row][vc_row full_width=\u00a0\u00bbstretch_row_content_no_spaces\u00a0\u00bb equal_height=\u00a0\u00bbyes\u00a0\u00bb column_same_height=\u00a0\u00bbyes\u00a0\u00bb custom_responsive=\u00a0\u00bbsmall-1-column\u00a0\u00bb custom_row_image=\u00a0\u00bb591&Prime; css=\u00a0\u00bb.vc_custom_1520273179561{background-color: #ffffff !important;}\u00a0\u00bb][vc_column offset=\u00a0\u00bbvc_col-lg-12 vc_col-md-12&Prime; css=\u00a0\u00bb.vc_custom_1611920998164{padding-right: 20px !important;padding-left: 20px !important;}\u00a0\u00bb][vc_empty_space height=\u00a0\u00bb80px\u00a0\u00bb][cms_heading hd_subtitle=\u00a0\u00bbL&rsquo;exp\u00e9rience dans le processus, notre valeur la plus pr\u00e9cieuse\u00a0\u00bb subtitle_color=\u00a0\u00bb#0a0a0a\u00a0\u00bb hd_title=\u00a0\u00bbNOS PRODUITS\u00a0\u00bb title_color=\u00a0\u00bb#0a0a0a\u00a0\u00bb hd_description=\u00a0\u00bbGr\u00e2ce \u00e0 notre exp\u00e9rience dans les proc\u00e9d\u00e9s, nous fabriquons plus de 6 variantes d&rsquo;argiles et nous pouvons cr\u00e9er des compos\u00e9s pour tous types de [&hellip;]<\/p>\n","protected":false},"author":1,"featured_media":0,"parent":0,"menu_order":0,"comment_status":"closed","ping_status":"closed","template":"","meta":[],"categories":[],"tags":[],"_links":{"self":[{"href":"https:\/\/argilescolades.com\/fr\/wp-json\/wp\/v2\/pages\/5882"}],"collection":[{"href":"https:\/\/argilescolades.com\/fr\/wp-json\/wp\/v2\/pages"}],"about":[{"href":"https:\/\/argilescolades.com\/fr\/wp-json\/wp\/v2\/types\/page"}],"author":[{"embeddable":true,"href":"https:\/\/argilescolades.com\/fr\/wp-json\/wp\/v2\/users\/1"}],"replies":[{"embeddable":true,"href":"https:\/\/argilescolades.com\/fr\/wp-json\/wp\/v2\/comments?post=5882"}],"version-history":[{"count":4,"href":"https:\/\/argilescolades.com\/fr\/wp-json\/wp\/v2\/pages\/5882\/revisions"}],"predecessor-version":[{"id":5886,"href":"https:\/\/argilescolades.com\/fr\/wp-json\/wp\/v2\/pages\/5882\/revisions\/5886"}],"wp:attachment":[{"href":"https:\/\/argilescolades.com\/fr\/wp-json\/wp\/v2\/media?parent=5882"}],"wp:term":[{"taxonomy":"category","embeddable":true,"href":"https:\/\/argilescolades.com\/fr\/wp-json\/wp\/v2\/categories?post=5882"},{"taxonomy":"post_tag","embeddable":true,"href":"https:\/\/argilescolades.com\/fr\/wp-json\/wp\/v2\/tags?post=5882"}],"curies":[{"name":"wp","href":"https:\/\/api.w.org\/{rel}","templated":true}]}}