{"id":5893,"date":"2021-03-25T12:33:39","date_gmt":"2021-03-25T12:33:39","guid":{"rendered":"http:\/\/argilescolades.com\/argiles\/argile-de-kaolin-md-25-micronisee\/"},"modified":"2021-03-25T12:33:40","modified_gmt":"2021-03-25T12:33:40","slug":"argile-de-kaolin-md-25-micronisee","status":"publish","type":"page","link":"https:\/\/argilescolades.com\/fr\/argiles\/argile-de-kaolin-md-25-micronisee\/","title":{"rendered":"ARGILE DE KAOLIN MD-25 MICRONIS\u00c9E"},"content":{"rendered":"<p>[vc_row][vc_column][vc_single_image image=\u00a0\u00bb3659&Prime; img_size=\u00a0\u00bblarge\u00a0\u00bb alignment=\u00a0\u00bbcenter\u00a0\u00bb][vc_empty_space][\/vc_column][\/vc_row][vc_row][vc_column][vc_column_text]<\/p>\n<h1>ANALISE CHIMIQUE ARGILE DE KAOLIN MD-25 MICRONIS\u00c9E<\/h1>\n<h2>Composition chimique (analyse \u00e9l\u00e9mentaire en %)<\/h2>\n<p class=\"poligaletesp\">SiO2 &#8211; 55,69%<\/p>\n<p class=\"poligaletesp\">Al2O3 &#8211; 29,87%<\/p>\n<p class=\"poligaletesp\">Fe2O3 &#8211; 1,22%<\/p>\n<p class=\"poligaletesp\">TiO2 &#8211; 0,40%<\/p>\n<p class=\"poligaletesp\">Na2O &#8211; 0,15%<\/p>\n<p class=\"poligaletesp\">K2O &#8211; 3.34%<\/p>\n<p class=\"poligaletesp\">MgO &#8211; 0,22%<\/p>\n<p class=\"poligaletesp\">CaO &#8211; 0,13%<\/p>\n<p class=\"poligaletesp\">MnO &#8211; &lt;0,01%<\/p>\n<p class=\"poligaletesp\">P2O5 &#8211; 0,05%<\/p>\n<p class=\"poligaletesp\">BaO &#8211; 0,04%<\/p>\n<h2>Analyse rationnelle (analyse \u00e9l\u00e9mentaire en %)<\/h2>\n<p class=\"poligaletesp\">Caolinita &#8211; 69%<\/p>\n<p class=\"poligaletesp\">Quars &#8211; 9%<\/p>\n<p class=\"poligaletesp\">Feldspat Pot\u00e0ssic &#8211; 13%<\/p>\n<p class=\"poligaletesp\">Moscovita &#8211; 8%<\/p>\n<p class=\"poligaletesp\">Calcita &#8211; &lt; 1%<\/p>\n<p class=\"poligaletesp\">Altres &#8211; 1%<\/p>\n<h2>Granulom\u00e9trie (analyse \u00e9l\u00e9mentaire en microns et % particules)<\/h2>\n<p class=\"poligaletesp\">40 &#8211; 98,90%<\/p>\n<p class=\"poligaletesp\">20 &#8211; 96,80%<\/p>\n<p class=\"poligaletesp\">10 &#8211; 85,50%<\/p>\n<p class=\"poligaletesp\">6 &#8211; 74%<\/p>\n<p class=\"poligaletesp\">4 &#8211; 63,90%<\/p>\n<p class=\"poligaletesp\">2 &#8211; 46,20%<\/p>\n<p class=\"poligaletesp\">1 &#8211; 32,80%<\/p>\n<p class=\"poligaletesp\">0,5 &#8211; 21,01%<\/p>\n<h2>Caract\u00e9ristiques physico-m\u00e9caniques<\/h2>\n<p class=\"poligaletesp\">DENSIT\u00c9 APPARENTE: 2,61g\/cm3<\/p>\n<p class=\"poligaletesp\">PERTE D&rsquo;INCENDIE: 9,74%<\/p>\n<p class=\"poligaletesp\">BLANC: &gt; 80%<\/p>\n<p>[\/vc_column_text][\/vc_column][\/vc_row][vc_row][vc_column][vc_empty_space][vc_btn title=\u00a0\u00bbT\u00e9l\u00e9charger fichier\u00a0\u00bb color=\u00a0\u00bbblack\u00a0\u00bb align=\u00a0\u00bbcenter\u00a0\u00bb link=\u00a0\u00bburl:http%3A%2F%2Fargilescolades.com%2Fwp-content%2Fuploads%2F2021%2F01%2FCAOLIMD25_fitxatecnica.pdf|target:_blank|\u00a0\u00bb][\/vc_column][\/vc_row]<\/p>\n","protected":false},"excerpt":{"rendered":"<p>[vc_row][vc_column][vc_single_image image=\u00a0\u00bb3659&Prime; img_size=\u00a0\u00bblarge\u00a0\u00bb alignment=\u00a0\u00bbcenter\u00a0\u00bb][vc_empty_space][\/vc_column][\/vc_row][vc_row][vc_column][vc_column_text] ANALISE CHIMIQUE ARGILE DE KAOLIN MD-25 MICRONIS\u00c9E Composition chimique (analyse \u00e9l\u00e9mentaire en %) SiO2 &#8211; 55,69% Al2O3 &#8211; 29,87% Fe2O3 &#8211; 1,22% TiO2 &#8211; 0,40% Na2O &#8211; 0,15% K2O &#8211; 3.34% MgO &#8211; 0,22% CaO &#8211; 0,13% MnO &#8211; &lt;0,01% P2O5 &#8211; 0,05% BaO &#8211; 0,04% Analyse rationnelle (analyse \u00e9l\u00e9mentaire en [&hellip;]<\/p>\n","protected":false},"author":1,"featured_media":5690,"parent":5888,"menu_order":0,"comment_status":"closed","ping_status":"closed","template":"","meta":[],"categories":[120],"tags":[],"_links":{"self":[{"href":"https:\/\/argilescolades.com\/fr\/wp-json\/wp\/v2\/pages\/5893"}],"collection":[{"href":"https:\/\/argilescolades.com\/fr\/wp-json\/wp\/v2\/pages"}],"about":[{"href":"https:\/\/argilescolades.com\/fr\/wp-json\/wp\/v2\/types\/page"}],"author":[{"embeddable":true,"href":"https:\/\/argilescolades.com\/fr\/wp-json\/wp\/v2\/users\/1"}],"replies":[{"embeddable":true,"href":"https:\/\/argilescolades.com\/fr\/wp-json\/wp\/v2\/comments?post=5893"}],"version-history":[{"count":2,"href":"https:\/\/argilescolades.com\/fr\/wp-json\/wp\/v2\/pages\/5893\/revisions"}],"predecessor-version":[{"id":5895,"href":"https:\/\/argilescolades.com\/fr\/wp-json\/wp\/v2\/pages\/5893\/revisions\/5895"}],"up":[{"embeddable":true,"href":"https:\/\/argilescolades.com\/fr\/wp-json\/wp\/v2\/pages\/5888"}],"wp:featuredmedia":[{"embeddable":true,"href":"https:\/\/argilescolades.com\/fr\/wp-json\/wp\/v2\/media\/5690"}],"wp:attachment":[{"href":"https:\/\/argilescolades.com\/fr\/wp-json\/wp\/v2\/media?parent=5893"}],"wp:term":[{"taxonomy":"category","embeddable":true,"href":"https:\/\/argilescolades.com\/fr\/wp-json\/wp\/v2\/categories?post=5893"},{"taxonomy":"post_tag","embeddable":true,"href":"https:\/\/argilescolades.com\/fr\/wp-json\/wp\/v2\/tags?post=5893"}],"curies":[{"name":"wp","href":"https:\/\/api.w.org\/{rel}","templated":true}]}}