{"id":5904,"date":"2021-03-25T12:47:10","date_gmt":"2021-03-25T12:47:10","guid":{"rendered":"http:\/\/argilescolades.com\/argiles\/argile-pen-f-rouge-micronisee\/"},"modified":"2021-03-25T12:47:11","modified_gmt":"2021-03-25T12:47:11","slug":"argile-pen-f-rouge-micronisee","status":"publish","type":"page","link":"https:\/\/argilescolades.com\/fr\/argiles\/argile-pen-f-rouge-micronisee\/","title":{"rendered":"ARGILE PEN F ROUGE MICRONIS\u00c9E"},"content":{"rendered":"<p>[vc_row][vc_column][vc_single_image image=\u00a0\u00bb3312&Prime; img_size=\u00a0\u00bblarge\u00a0\u00bb alignment=\u00a0\u00bbcenter\u00a0\u00bb][vc_empty_space][\/vc_column][\/vc_row][vc_row][vc_column][vc_column_text]<\/p>\n<h1>ANALYSE CHIMIQUE ARGILE PEN F ROUGE MICRONIS\u00c9E<\/h1>\n<h2>Composition Chimique (analyse \u00e9l\u00e9mentaire en %)<\/h2>\n<p class=\"poligaletesp\">MnO &#8211; 0,31%<\/p>\n<p class=\"poligaletesp\">Al2O3 &#8211; 23,32%<\/p>\n<p class=\"poligaletesp\">SiO2 &#8211; 56,53%<\/p>\n<p class=\"poligaletesp\">K2O &#8211; 0.64%<\/p>\n<p class=\"poligaletesp\">CaO &#8211; 0,40%<\/p>\n<p class=\"poligaletesp\">Fe2O3 &#8211; 10,39%<\/p>\n<h2>Analyse rationnelle (analyse \u00e9l\u00e9mentaire en %)<\/h2>\n<p class=\"poligaletesp\">Caolinita &#8211; 49%<\/p>\n<p class=\"poligaletesp\">Quars &#8211; 42%<\/p>\n<p class=\"poligaletesp\">Feldspat Pot\u00e0ssic &#8211; 2%<\/p>\n<p class=\"poligaletesp\">Plagi\u00f2clasis &#8211; 1%<\/p>\n<p class=\"poligaletesp\">Hematita &#8211; 6%<\/p>\n<h2>Granulom\u00e9trie (analyse \u00e9l\u00e9mentaire en microns et % particules)<\/h2>\n<p class=\"poligaletesp\">125 &#8211; 6,13%<\/p>\n<p class=\"poligaletesp\">90 &#8211; 6,81%<\/p>\n<p class=\"poligaletesp\">63 &#8211; 9,71%<\/p>\n<p class=\"poligaletesp\">45 &#8211; 13,53%<\/p>\n<p class=\"poligaletesp\">36- 36,02%<\/p>\n<p class=\"poligaletesp\">0 &#8211; 27,01%<\/p>\n<h2>Caract\u00e9ristiques physico-m\u00e9caniques<\/h2>\n<p class=\"poligaletesp\">DENSIT\u00c9 APPARENTE: 2,61g\/cm3<\/p>\n<p class=\"poligaletesp\">PERTE D&rsquo;INCENDIE: 8,40%<\/p>\n<p>[\/vc_column_text][\/vc_column][\/vc_row][vc_row][vc_column][vc_empty_space][vc_btn title=\u00a0\u00bbT\u00e9l\u00e9charger fichier\u00a0\u00bb color=\u00a0\u00bbblack\u00a0\u00bb align=\u00a0\u00bbcenter\u00a0\u00bb link=\u00a0\u00bburl:http%3A%2F%2Fargilescolades.com%2Fwp-content%2Fuploads%2F2021%2F01%2FVERMELLA_fitxatecnica.pdf|target:_blank|\u00a0\u00bb][\/vc_column][\/vc_row]<\/p>\n","protected":false},"excerpt":{"rendered":"<p>[vc_row][vc_column][vc_single_image image=\u00a0\u00bb3312&Prime; img_size=\u00a0\u00bblarge\u00a0\u00bb alignment=\u00a0\u00bbcenter\u00a0\u00bb][vc_empty_space][\/vc_column][\/vc_row][vc_row][vc_column][vc_column_text] ANALYSE CHIMIQUE ARGILE PEN F ROUGE MICRONIS\u00c9E Composition Chimique (analyse \u00e9l\u00e9mentaire en %) MnO &#8211; 0,31% Al2O3 &#8211; 23,32% SiO2 &#8211; 56,53% K2O &#8211; 0.64% CaO &#8211; 0,40% Fe2O3 &#8211; 10,39% Analyse rationnelle (analyse \u00e9l\u00e9mentaire en %) Caolinita &#8211; 49% Quars &#8211; 42% Feldspat Pot\u00e0ssic &#8211; 2% Plagi\u00f2clasis &#8211; 1% Hematita [&hellip;]<\/p>\n","protected":false},"author":1,"featured_media":5528,"parent":5888,"menu_order":0,"comment_status":"closed","ping_status":"closed","template":"","meta":[],"categories":[120],"tags":[],"_links":{"self":[{"href":"https:\/\/argilescolades.com\/fr\/wp-json\/wp\/v2\/pages\/5904"}],"collection":[{"href":"https:\/\/argilescolades.com\/fr\/wp-json\/wp\/v2\/pages"}],"about":[{"href":"https:\/\/argilescolades.com\/fr\/wp-json\/wp\/v2\/types\/page"}],"author":[{"embeddable":true,"href":"https:\/\/argilescolades.com\/fr\/wp-json\/wp\/v2\/users\/1"}],"replies":[{"embeddable":true,"href":"https:\/\/argilescolades.com\/fr\/wp-json\/wp\/v2\/comments?post=5904"}],"version-history":[{"count":1,"href":"https:\/\/argilescolades.com\/fr\/wp-json\/wp\/v2\/pages\/5904\/revisions"}],"predecessor-version":[{"id":5905,"href":"https:\/\/argilescolades.com\/fr\/wp-json\/wp\/v2\/pages\/5904\/revisions\/5905"}],"up":[{"embeddable":true,"href":"https:\/\/argilescolades.com\/fr\/wp-json\/wp\/v2\/pages\/5888"}],"wp:featuredmedia":[{"embeddable":true,"href":"https:\/\/argilescolades.com\/fr\/wp-json\/wp\/v2\/media\/5528"}],"wp:attachment":[{"href":"https:\/\/argilescolades.com\/fr\/wp-json\/wp\/v2\/media?parent=5904"}],"wp:term":[{"taxonomy":"category","embeddable":true,"href":"https:\/\/argilescolades.com\/fr\/wp-json\/wp\/v2\/categories?post=5904"},{"taxonomy":"post_tag","embeddable":true,"href":"https:\/\/argilescolades.com\/fr\/wp-json\/wp\/v2\/tags?post=5904"}],"curies":[{"name":"wp","href":"https:\/\/api.w.org\/{rel}","templated":true}]}}