{"id":5917,"date":"2021-03-25T13:02:06","date_gmt":"2021-03-25T13:02:06","guid":{"rendered":"http:\/\/argilescolades.com\/pates-ceramiques\/pate-ceramique-manganese\/"},"modified":"2021-03-25T13:02:06","modified_gmt":"2021-03-25T13:02:06","slug":"pate-ceramique-manganese","status":"publish","type":"page","link":"https:\/\/argilescolades.com\/fr\/pates-ceramiques\/pate-ceramique-manganese\/","title":{"rendered":"P\u00c2TE C\u00c9RAMIQUE MANGAN\u00c8SE"},"content":{"rendered":"<p>[vc_row][vc_column width=\u00a0\u00bb1\/2&Prime;][vc_single_image image=\u00a0\u00bb3724&Prime; img_size=\u00a0\u00bblarge\u00a0\u00bb alignment=\u00a0\u00bbcenter\u00a0\u00bb][\/vc_column][vc_column width=\u00a0\u00bb1\/2&Prime;][vc_single_image image=\u00a0\u00bb3725&Prime; img_size=\u00a0\u00bblarge\u00a0\u00bb alignment=\u00a0\u00bbcenter\u00a0\u00bb][\/vc_column][\/vc_row][vc_row][vc_column][vc_column_text]<\/p>\n<h1>P\u00c2TE C\u00c9RAMIQUE MANGAN\u00c8SE<\/h1>\n<p class=\"poligaletesp\">P\u00e2te c\u00e9ramique noir<\/p>\n<p class=\"poligaletesp\">P\u00e2te plastique avec 18-21% d\u2019eau<\/p>\n<p class=\"poligaletesp\">Pour usage a la main, pr\u00e9sage et extrusion. <\/p>\n<h1>ANALYSE CHIMIQUE<\/h1>\n<h2>COMPOSITION CHIMIQUE (analyse \u00e9l\u00e9mentaire en %)<\/h2>\n<p class=\"poligaletesp\">SiO2 &#8211; 45,80%<\/p>\n<p class=\"poligaletesp\">Al2O3 &#8211; 16,40%<\/p>\n<p class=\"poligaletesp\">Fe2O3 &#8211; 5,10%<\/p>\n<p class=\"poligaletesp\">CaO &#8211; 4,90%<\/p>\n<p class=\"poligaletesp\">MgO &#8211; 2,70%<\/p>\n<p class=\"poligaletesp\">Na2O &#8211; 0,20%<\/p>\n<p class=\"poligaletesp\">K2O &#8211; 3,50%<\/p>\n<h2>Propri\u00e9t\u00e9s apr\u00e8s cuisson<\/h2>\n<p class=\"poligaletesp\">TEMP\u00c9RATURE DE CUISSON: 980-1040 \u00baC<\/p>\n<p class=\"poligaletesp\">ABSORPTION DE L&rsquo;EAU: 12-16%<\/p>\n<p class=\"poligaletesp\">CONTRACTION DE CUISSON: 1-1,2%<\/p>\n<p class=\"poligaletesp\">FORCE M\u00c9CANIQUE: 22,6N\/mm2<\/p>\n<p class=\"poligaletesp\">COEFFICIENT DE DILATION: 61&#215;10^-7\u00baC<\/p>\n<p class=\"poligaletesp\">COULEUR: Marron-noir<\/p>\n<h2>PROPI\u00c9T\u00c9S EN CR\u00db<\/h2>\n<p class=\"poligaletesp\">CONTRACTION DE S\u00c9CHAGE: 5,5-6%<\/p>\n<p class=\"poligaletesp\">CALCIMETRIE: 6%<\/p>\n<p class=\"poligaletesp\">PERTE D&rsquo;INCENDIE: 4,9-5,4%<\/p>\n<p class=\"poligaletesp\">QUANTIT\u00c9 DE MANGAN\u00c8SE: 20%<\/p>\n<p>[\/vc_column_text][\/vc_column][\/vc_row][vc_row][vc_column][vc_empty_space][vc_btn title=\u00a0\u00bbT\u00e9l\u00e9charger fichier\u00a0\u00bb color=\u00a0\u00bbblack\u00a0\u00bb align=\u00a0\u00bbcenter\u00a0\u00bb link=\u00a0\u00bburl:http%3A%2F%2Fargilescolades.com%2Fwp-content%2Fuploads%2F2021%2F01%2FMANGANES.pdf|target:_blank|\u00a0\u00bb][\/vc_column][\/vc_row]<\/p>\n","protected":false},"excerpt":{"rendered":"<p>[vc_row][vc_column width=\u00a0\u00bb1\/2&Prime;][vc_single_image image=\u00a0\u00bb3724&Prime; img_size=\u00a0\u00bblarge\u00a0\u00bb alignment=\u00a0\u00bbcenter\u00a0\u00bb][\/vc_column][vc_column width=\u00a0\u00bb1\/2&Prime;][vc_single_image image=\u00a0\u00bb3725&Prime; img_size=\u00a0\u00bblarge\u00a0\u00bb alignment=\u00a0\u00bbcenter\u00a0\u00bb][\/vc_column][\/vc_row][vc_row][vc_column][vc_column_text] P\u00c2TE C\u00c9RAMIQUE MANGAN\u00c8SE P\u00e2te c\u00e9ramique noir P\u00e2te plastique avec 18-21% d\u2019eau Pour usage a la main, pr\u00e9sage et extrusion. ANALYSE CHIMIQUE COMPOSITION CHIMIQUE (analyse \u00e9l\u00e9mentaire en %) SiO2 &#8211; 45,80% Al2O3 &#8211; 16,40% Fe2O3 &#8211; 5,10% CaO &#8211; 4,90% MgO &#8211; 2,70% Na2O &#8211; 0,20% K2O [&hellip;]<\/p>\n","protected":false},"author":1,"featured_media":5534,"parent":5912,"menu_order":0,"comment_status":"closed","ping_status":"closed","template":"","meta":[],"categories":[121,122],"tags":[],"_links":{"self":[{"href":"https:\/\/argilescolades.com\/fr\/wp-json\/wp\/v2\/pages\/5917"}],"collection":[{"href":"https:\/\/argilescolades.com\/fr\/wp-json\/wp\/v2\/pages"}],"about":[{"href":"https:\/\/argilescolades.com\/fr\/wp-json\/wp\/v2\/types\/page"}],"author":[{"embeddable":true,"href":"https:\/\/argilescolades.com\/fr\/wp-json\/wp\/v2\/users\/1"}],"replies":[{"embeddable":true,"href":"https:\/\/argilescolades.com\/fr\/wp-json\/wp\/v2\/comments?post=5917"}],"version-history":[{"count":1,"href":"https:\/\/argilescolades.com\/fr\/wp-json\/wp\/v2\/pages\/5917\/revisions"}],"predecessor-version":[{"id":5918,"href":"https:\/\/argilescolades.com\/fr\/wp-json\/wp\/v2\/pages\/5917\/revisions\/5918"}],"up":[{"embeddable":true,"href":"https:\/\/argilescolades.com\/fr\/wp-json\/wp\/v2\/pages\/5912"}],"wp:featuredmedia":[{"embeddable":true,"href":"https:\/\/argilescolades.com\/fr\/wp-json\/wp\/v2\/media\/5534"}],"wp:attachment":[{"href":"https:\/\/argilescolades.com\/fr\/wp-json\/wp\/v2\/media?parent=5917"}],"wp:term":[{"taxonomy":"category","embeddable":true,"href":"https:\/\/argilescolades.com\/fr\/wp-json\/wp\/v2\/categories?post=5917"},{"taxonomy":"post_tag","embeddable":true,"href":"https:\/\/argilescolades.com\/fr\/wp-json\/wp\/v2\/tags?post=5917"}],"curies":[{"name":"wp","href":"https:\/\/api.w.org\/{rel}","templated":true}]}}