{"id":5926,"date":"2021-03-25T15:48:05","date_gmt":"2021-03-25T15:48:05","guid":{"rendered":"http:\/\/argilescolades.com\/pates-ceramiques\/pate-ceramique-no2-rouge-chamotte\/"},"modified":"2021-03-25T15:48:06","modified_gmt":"2021-03-25T15:48:06","slug":"pate-ceramique-no2-rouge-chamotte","status":"publish","type":"page","link":"https:\/\/argilescolades.com\/fr\/pates-ceramiques\/pate-ceramique-no2-rouge-chamotte\/","title":{"rendered":"P\u00c2TE C\u00c9RAMIQUE N\u00ba2 ROUGE CHAMOTTE"},"content":{"rendered":"<p>[vc_row][vc_column width=\u00a0\u00bb1\/2&Prime;][vc_single_image image=\u00a0\u00bb3283&Prime; img_size=\u00a0\u00bblarge\u00a0\u00bb alignment=\u00a0\u00bbcenter\u00a0\u00bb][\/vc_column][vc_column width=\u00a0\u00bb1\/2&Prime;][vc_single_image image=\u00a0\u00bb3282&Prime; img_size=\u00a0\u00bblarge\u00a0\u00bb alignment=\u00a0\u00bbcenter\u00a0\u00bb][\/vc_column][\/vc_row][vc_row][vc_column][vc_column_text]<\/p>\n<h1>P\u00c2TE C\u00c9RAMIQUE N\u00ba2 ROUGE CHAMOTTE<\/h1>\n<p class=\"poligaletesp\">P\u00e2te plastique avec 18-21% d\u2019eau<\/p>\n<p class=\"poligaletesp\">Pour usage a la main, pr\u00e9sage et extrusion<\/p>\n<h1>ANALYSE CHEMIQUE<\/h1>\n<h2>COMPOSITION CHEMIQUE (analyse \u00e9l\u00e9mentaire en %)<\/h2>\n<p class=\"poligaletesp\">SiO2 &#8211; 66,16%<\/p>\n<p class=\"poligaletesp\">Al2O3 &#8211; 16,24%<\/p>\n<p class=\"poligaletesp\">Fe2O3 &#8211; 6,65%<\/p>\n<p class=\"poligaletesp\">CaO &#8211; 1,37%<\/p>\n<p class=\"poligaletesp\">MgO &#8211; 0,76%<\/p>\n<p class=\"poligaletesp\">Na2O &#8211; 2,06%<\/p>\n<p class=\"poligaletesp\">K2O &#8211; 2,58%<\/p>\n<h2>PROPRI\u00c9T\u00c9S APR\u00c8S CUISSON<\/h2>\n<p class=\"poligaletesp\">TEMP\u00c9RATURE DE CUISSON: 980-1080 \u00baC<\/p>\n<p class=\"poligaletesp\">ABSORPTION DE L&rsquo;EAU: 12-16%<\/p>\n<p class=\"poligaletesp\">CONTRACTION DE CUISSON: 0,7-1%<\/p>\n<p class=\"poligaletesp\">FORCE M\u00c9CANIQUE: 23,5N\/mm2<\/p>\n<p class=\"poligaletesp\">COEFFICIENT DE DILATION: 62&#215;10^-7\u00baC<\/p>\n<p class=\"poligaletesp\">COULEUR: Rouge orang\u00e9<\/p>\n<h2>PROPRI\u00c9T\u00c9S EN CR\u00db<\/h2>\n<p class=\"poligaletesp\">CONTRACTION DE S\u00c9CHAGE: 6-6&rsquo;5%<\/p>\n<p class=\"poligaletesp\">CALCIMETRIE: 1-2%<\/p>\n<p class=\"poligaletesp\">PERTE D&rsquo;INCENDIE: 4,14%<\/p>\n<p class=\"poligaletesp\">QUANTIT\u00c9 DE CHAMOTTE: 25%<\/p>\n<p>[\/vc_column_text][\/vc_column][\/vc_row][vc_row][vc_column][vc_empty_space][vc_btn title=\u00a0\u00bbT\u00e9l\u00e9charger fichier\u00a0\u00bb color=\u00a0\u00bbblack\u00a0\u00bb align=\u00a0\u00bbcenter\u00a0\u00bb link=\u00a0\u00bburl:http%3A%2F%2Fargilescolades.com%2Fwp-content%2Fuploads%2F2021%2F01%2FNo2-XAMOTADA.pdf|target:_blank|\u00a0\u00bb][\/vc_column][\/vc_row]<\/p>\n","protected":false},"excerpt":{"rendered":"<p>[vc_row][vc_column width=\u00a0\u00bb1\/2&Prime;][vc_single_image image=\u00a0\u00bb3283&Prime; img_size=\u00a0\u00bblarge\u00a0\u00bb alignment=\u00a0\u00bbcenter\u00a0\u00bb][\/vc_column][vc_column width=\u00a0\u00bb1\/2&Prime;][vc_single_image image=\u00a0\u00bb3282&Prime; img_size=\u00a0\u00bblarge\u00a0\u00bb alignment=\u00a0\u00bbcenter\u00a0\u00bb][\/vc_column][\/vc_row][vc_row][vc_column][vc_column_text] P\u00c2TE C\u00c9RAMIQUE N\u00ba2 ROUGE CHAMOTTE P\u00e2te plastique avec 18-21% d\u2019eau Pour usage a la main, pr\u00e9sage et extrusion ANALYSE CHEMIQUE COMPOSITION CHEMIQUE (analyse \u00e9l\u00e9mentaire en %) SiO2 &#8211; 66,16% Al2O3 &#8211; 16,24% Fe2O3 &#8211; 6,65% CaO &#8211; 1,37% MgO &#8211; 0,76% Na2O &#8211; 2,06% K2O &#8211; [&hellip;]<\/p>\n","protected":false},"author":1,"featured_media":5519,"parent":5912,"menu_order":0,"comment_status":"closed","ping_status":"closed","template":"","meta":[],"categories":[121],"tags":[],"_links":{"self":[{"href":"https:\/\/argilescolades.com\/fr\/wp-json\/wp\/v2\/pages\/5926"}],"collection":[{"href":"https:\/\/argilescolades.com\/fr\/wp-json\/wp\/v2\/pages"}],"about":[{"href":"https:\/\/argilescolades.com\/fr\/wp-json\/wp\/v2\/types\/page"}],"author":[{"embeddable":true,"href":"https:\/\/argilescolades.com\/fr\/wp-json\/wp\/v2\/users\/1"}],"replies":[{"embeddable":true,"href":"https:\/\/argilescolades.com\/fr\/wp-json\/wp\/v2\/comments?post=5926"}],"version-history":[{"count":1,"href":"https:\/\/argilescolades.com\/fr\/wp-json\/wp\/v2\/pages\/5926\/revisions"}],"predecessor-version":[{"id":5927,"href":"https:\/\/argilescolades.com\/fr\/wp-json\/wp\/v2\/pages\/5926\/revisions\/5927"}],"up":[{"embeddable":true,"href":"https:\/\/argilescolades.com\/fr\/wp-json\/wp\/v2\/pages\/5912"}],"wp:featuredmedia":[{"embeddable":true,"href":"https:\/\/argilescolades.com\/fr\/wp-json\/wp\/v2\/media\/5519"}],"wp:attachment":[{"href":"https:\/\/argilescolades.com\/fr\/wp-json\/wp\/v2\/media?parent=5926"}],"wp:term":[{"taxonomy":"category","embeddable":true,"href":"https:\/\/argilescolades.com\/fr\/wp-json\/wp\/v2\/categories?post=5926"},{"taxonomy":"post_tag","embeddable":true,"href":"https:\/\/argilescolades.com\/fr\/wp-json\/wp\/v2\/tags?post=5926"}],"curies":[{"name":"wp","href":"https:\/\/api.w.org\/{rel}","templated":true}]}}