{"id":5934,"date":"2021-03-25T17:27:41","date_gmt":"2021-03-25T17:27:41","guid":{"rendered":"http:\/\/argilescolades.com\/accessoires\/"},"modified":"2021-03-25T17:27:42","modified_gmt":"2021-03-25T17:27:42","slug":"accessoires","status":"publish","type":"page","link":"https:\/\/argilescolades.com\/fr\/accessoires\/","title":{"rendered":"ACCESSOIRES"},"content":{"rendered":"<p>[vc_row][vc_column][vc_column_text]<\/p>\n<h1 style=\"text-align:center;\">Nous avons d\u2019autres mat\u00e9riaux de bioconstruction:<\/h1>\n<p>[\/vc_column_text][vc_empty_space][\/vc_column][\/vc_row][vc_row][vc_column][vc_column_text]<\/p>\n<ul style=\"color: black; text-align: center; font-size: 16px;\">\n<li>BASALT\u00c9 MICRONIS\u00c9<\/li>\n<li>KAOLI MICRONIS\u00c9 A<\/li>\n<li>METAKAOLIN<\/li>\n<li>FIBRE DE CELLULOSE<\/li>\n<li>MICA<\/li>\n<li>PL\u00c2TRE ALBARRAC\u00cdN<\/li>\n<li>POUDRE DE MARBRE NOIR \u00c9B\u00c8NE<\/li>\n<li>POUDRE DE MARBRE JAUNE OR<\/li>\n<li>POUDRE DE MARBRE ROUGE VERONA<\/li>\n<li>POUDRE DE MARBRE MR-200<\/li>\n<li>POUDRE DE MARBRE MR-500<\/li>\n<li>POUDRE DE MARBRE MR-1000<\/li>\n<li>CHAMOTTE T R\u00c9FRACTAIRE<\/li>\n<li>CHAMOTTE C\u00c9RAMIQUE<\/li>\n<li>CHAUX A\u00c9RIENNE BLANC CL-90 EN P\u00c2TE<\/li>\n<li>CHAUX A\u00c9RIENNE BLANC CL-90 POUSSIERE<\/li>\n<li>CHAUX HIDRAULIQUE EL TIGRE<\/li>\n<li>CHAUX HIDRAULIQUE SAINT ASTIER<\/li>\n<li>CIRE NATURELLE<\/li>\n<li>PEINTURE CHAUX<\/li>\n<li>FIBRE FRISE\u00c9<\/li>\n<\/ul>\n<h2 style=\"margin-top: 50px; text-align:center;\">POUR PLUS D&rsquo;INFORMATIONS,<a style=\"text-decoration: underline;\" href=\"http:\/\/argilescolades.com\/contacte\/\" rel=\"noopener noreferrer\">CONTACTEZ-NOUS<\/a><\/h2>\n<p>[\/vc_column_text][\/vc_column][\/vc_row]<\/p>\n","protected":false},"excerpt":{"rendered":"<p>[vc_row][vc_column][vc_column_text] Nous avons d\u2019autres mat\u00e9riaux de bioconstruction: [\/vc_column_text][vc_empty_space][\/vc_column][\/vc_row][vc_row][vc_column][vc_column_text] BASALT\u00c9 MICRONIS\u00c9 KAOLI MICRONIS\u00c9 A METAKAOLIN FIBRE DE CELLULOSE MICA PL\u00c2TRE ALBARRAC\u00cdN POUDRE DE MARBRE NOIR \u00c9B\u00c8NE POUDRE DE MARBRE JAUNE OR POUDRE DE MARBRE ROUGE VERONA POUDRE DE MARBRE MR-200 POUDRE DE MARBRE MR-500 POUDRE DE MARBRE MR-1000 CHAMOTTE T R\u00c9FRACTAIRE CHAMOTTE C\u00c9RAMIQUE CHAUX A\u00c9RIENNE BLANC [&hellip;]<\/p>\n","protected":false},"author":1,"featured_media":5267,"parent":0,"menu_order":0,"comment_status":"closed","ping_status":"closed","template":"","meta":[],"categories":[123,122],"tags":[],"_links":{"self":[{"href":"https:\/\/argilescolades.com\/fr\/wp-json\/wp\/v2\/pages\/5934"}],"collection":[{"href":"https:\/\/argilescolades.com\/fr\/wp-json\/wp\/v2\/pages"}],"about":[{"href":"https:\/\/argilescolades.com\/fr\/wp-json\/wp\/v2\/types\/page"}],"author":[{"embeddable":true,"href":"https:\/\/argilescolades.com\/fr\/wp-json\/wp\/v2\/users\/1"}],"replies":[{"embeddable":true,"href":"https:\/\/argilescolades.com\/fr\/wp-json\/wp\/v2\/comments?post=5934"}],"version-history":[{"count":1,"href":"https:\/\/argilescolades.com\/fr\/wp-json\/wp\/v2\/pages\/5934\/revisions"}],"predecessor-version":[{"id":5935,"href":"https:\/\/argilescolades.com\/fr\/wp-json\/wp\/v2\/pages\/5934\/revisions\/5935"}],"wp:featuredmedia":[{"embeddable":true,"href":"https:\/\/argilescolades.com\/fr\/wp-json\/wp\/v2\/media\/5267"}],"wp:attachment":[{"href":"https:\/\/argilescolades.com\/fr\/wp-json\/wp\/v2\/media?parent=5934"}],"wp:term":[{"taxonomy":"category","embeddable":true,"href":"https:\/\/argilescolades.com\/fr\/wp-json\/wp\/v2\/categories?post=5934"},{"taxonomy":"post_tag","embeddable":true,"href":"https:\/\/argilescolades.com\/fr\/wp-json\/wp\/v2\/tags?post=5934"}],"curies":[{"name":"wp","href":"https:\/\/api.w.org\/{rel}","templated":true}]}}