{"id":5936,"date":"2021-03-25T17:33:13","date_gmt":"2021-03-25T17:33:13","guid":{"rendered":"http:\/\/argilescolades.com\/bioconstruction\/"},"modified":"2021-03-25T17:33:13","modified_gmt":"2021-03-25T17:33:13","slug":"bioconstruction","status":"publish","type":"page","link":"https:\/\/argilescolades.com\/fr\/bioconstruction\/","title":{"rendered":"BIOCONSTRUCTION"},"content":{"rendered":"<p>[vc_row][vc_column][vc_single_image image=\u00a0\u00bb3408&Prime; img_size=\u00a0\u00bbfull\u00a0\u00bb alignment=\u00a0\u00bbcenter\u00a0\u00bb][vc_column_text css=\u00a0\u00bb.vc_custom_1611761537834{margin-top: 50px !important;}\u00a0\u00bb]<\/p>\n<p class=\"poligaletesp\">Nous sommes en contact avec l&rsquo;industrie de la construction \u00e0 travers nos produits depuis plus de 50 ans. Cette longue exp\u00e9rience professionnelle nous a conduit \u00e0 assumer l&rsquo;engagement et le respect de la tradition comme valeurs de r\u00e9f\u00e9rence, mais dans une perspective d&rsquo;avenir et de recherche constante de nouveaux produits et de solutions constructives.<\/p>\n<p class=\"poligaletesp\">Il existe d&rsquo;innombrables techniques et proc\u00e9dures d&rsquo;utilisation de la terre (argile) et de la chaux (calcaire soumis \u00e0 des temp\u00e9ratures \u00e9lev\u00e9es) pour recouvrir nos murs. La terre est le mat\u00e9riau aux performances hygroscopiques les plus \u00e9lev\u00e9es que nous connaissions, parmi les mat\u00e9riaux adapt\u00e9s \u00e0 la construction, elle a une \u00e9norme capacit\u00e9 d&rsquo;absorption et de distribution d&rsquo;eau r\u00e9gulant ainsi l&rsquo;humidit\u00e9 environnementale de notre environnement.<\/p>\n<p class=\"poligaletesp\">La r\u00e9sistance au passage de la vapeur de terre (\u03bc entre 5 et 10) est entre 10 et 15 fois inf\u00e9rieure \u00e0 celle du ciment (\u03bc = 82) et 40 fois inf\u00e9rieure \u00e0 celle d&rsquo;un panneau OSB3 (\u03bc = 217). La terre nous fournit de l&rsquo;argile qui, associ\u00e9e \u00e0 des agr\u00e9gats, des pigments et d&rsquo;autres additifs, nous permet de cr\u00e9er des couches protectrices, structurelles ou d\u00e9coratives. Le pl\u00e2trage du sol assure l&rsquo;inertie thermique, permet \u00e0 la chaleur de s&rsquo;accumuler, aidant \u00e9galement \u00e0 garder les espaces chauds en hiver et frais en \u00e9t\u00e9. La terre est la meilleure protection contre toutes sortes de rayonnements \u00e9lectromagn\u00e9tiques et de syst\u00e8mes \u00e9nerg\u00e9tiques nocifs pour l&rsquo;homme.<\/p>\n<p>&nbsp;[\/vc_column_text][vc_hoverbox image=\u00a0\u00bb3411&Prime; primary_title=\u00a0\u00bb\u00a0\u00bb hover_title=\u00a0\u00bb\u00a0\u00bb hover_btn_title=\u00a0\u00bbCATALOGE ARGILFIBRA 2021&Prime; hover_btn_color=\u00a0\u00bbblack\u00a0\u00bb hover_add_button=\u00a0\u00bbtrue\u00a0\u00bb hover_btn_link=\u00a0\u00bburl:http%3A%2F%2Fargilescolades.com%2Fwp-content%2Fuploads%2F2021%2F01%2FArgilfibra_CAT_2021.pdf|title:ARGILFIBRA%202021|target:_blank|\u00a0\u00bb]<\/p>\n<ul>\n<li style=\"text-align: center;\">\n<h6>Respirant et perm\u00e9able \u00e0 la vapeur d&rsquo;eau<\/h6>\n<\/li>\n<li style=\"text-align: center;\">\n<h6>R\u00e9gulation d&rsquo;humidit\u00e9<\/h6>\n<\/li>\n<li style=\"text-align: center;\">\n<h6>Absorption des odeurs et des bruits<\/h6>\n<\/li>\n<li style=\"text-align: center;\">\n<h6>Faible conductivit\u00e9 thermique<\/h6>\n<\/li>\n<li style=\"text-align: center;\">\n<h6>Manipulation facile<\/h6>\n<\/li>\n<\/ul>\n<p>[\/vc_hoverbox][\/vc_column][\/vc_row][vc_row][vc_column][\/vc_column][\/vc_row]<\/p>\n","protected":false},"excerpt":{"rendered":"<p>[vc_row][vc_column][vc_single_image image=\u00a0\u00bb3408&Prime; img_size=\u00a0\u00bbfull\u00a0\u00bb alignment=\u00a0\u00bbcenter\u00a0\u00bb][vc_column_text css=\u00a0\u00bb.vc_custom_1611761537834{margin-top: 50px !important;}\u00a0\u00bb] Nous sommes en contact avec l&rsquo;industrie de la construction \u00e0 travers nos produits depuis plus de 50 ans. Cette longue exp\u00e9rience professionnelle nous a conduit \u00e0 assumer l&rsquo;engagement et le respect de la tradition comme valeurs de r\u00e9f\u00e9rence, mais dans une perspective d&rsquo;avenir et de recherche constante de [&hellip;]<\/p>\n","protected":false},"author":1,"featured_media":0,"parent":0,"menu_order":0,"comment_status":"closed","ping_status":"closed","template":"","meta":[],"categories":[],"tags":[],"_links":{"self":[{"href":"https:\/\/argilescolades.com\/fr\/wp-json\/wp\/v2\/pages\/5936"}],"collection":[{"href":"https:\/\/argilescolades.com\/fr\/wp-json\/wp\/v2\/pages"}],"about":[{"href":"https:\/\/argilescolades.com\/fr\/wp-json\/wp\/v2\/types\/page"}],"author":[{"embeddable":true,"href":"https:\/\/argilescolades.com\/fr\/wp-json\/wp\/v2\/users\/1"}],"replies":[{"embeddable":true,"href":"https:\/\/argilescolades.com\/fr\/wp-json\/wp\/v2\/comments?post=5936"}],"version-history":[{"count":1,"href":"https:\/\/argilescolades.com\/fr\/wp-json\/wp\/v2\/pages\/5936\/revisions"}],"predecessor-version":[{"id":5937,"href":"https:\/\/argilescolades.com\/fr\/wp-json\/wp\/v2\/pages\/5936\/revisions\/5937"}],"wp:attachment":[{"href":"https:\/\/argilescolades.com\/fr\/wp-json\/wp\/v2\/media?parent=5936"}],"wp:term":[{"taxonomy":"category","embeddable":true,"href":"https:\/\/argilescolades.com\/fr\/wp-json\/wp\/v2\/categories?post=5936"},{"taxonomy":"post_tag","embeddable":true,"href":"https:\/\/argilescolades.com\/fr\/wp-json\/wp\/v2\/tags?post=5936"}],"curies":[{"name":"wp","href":"https:\/\/api.w.org\/{rel}","templated":true}]}}