{"id":5938,"date":"2021-03-25T17:39:13","date_gmt":"2021-03-25T17:39:13","guid":{"rendered":"http:\/\/argilescolades.com\/lhistoire\/"},"modified":"2021-03-25T17:39:14","modified_gmt":"2021-03-25T17:39:14","slug":"lhistoire","status":"publish","type":"page","link":"https:\/\/argilescolades.com\/fr\/lhistoire\/","title":{"rendered":"L&rsquo;HISTOIRE"},"content":{"rendered":"<p>[vc_row][vc_column][vc_column_text]<\/p>\n<h2 >1967 Le d\u00e9but.<\/h2>\n<p class=\"poligaletesp\"><em><b>Le temps:<\/b><\/em>Dans les ann\u00e9es 60, au milieu du XX\u00e8me si\u00e8cle, Agiles Colades S.A. nait en 1967. C\u2019est l\u2019histoire d\u2019une entreprise familiale qui remonte aux usines c\u00e9ramiques de La Bisbal d\u2019Empord\u00e0 (G\u00e9rone). Une r\u00e9elle tradition c\u00e9ramique existe dans la population et on peut observer, dans la ville, un grand nombre d\u2019ateliers artisanaux de c\u00e9ramique artistique et industrielle.<\/p>\n<p class=\"poligaletesp\"><em><b>Le lieu:<\/b><\/em> Les ant\u00e9c\u00e9dents de cette entreprise familiale remontent aux usines de c\u00e9ramique de La Bisbal d&rsquo;Empord\u00e0 (G\u00e9rone). Population avec une grande tradition c\u00e9ramique qui concentre un grand nombre d&rsquo;ateliers artisanaux en c\u00e9ramique artistique et c\u00e9ramique industrielle.<\/p>\n<p class=\"poligaletesp\"><em><b>L&rsquo;entrepreneur:<\/b><\/em><br \/>\nJoaqu\u00edm Trayter Crist\u00f3fol a fond\u00e9 la soci\u00e9t\u00e9 ARCILLAS COLADAS J.TRAYTER. Cette soci\u00e9t\u00e9 sera renomm\u00e9e en 1980 ARGILES COLADES S.A. avec le m\u00eame nom d&rsquo;entreprise qu&rsquo;actuellement.<\/p>\n<p class=\"poligaletesp\"><em><b>Le but:<\/b><\/em> L&rsquo;entreprise est n\u00e9e en innovant et en utilisant dans son processus de production les premiers filtres presse qui remplaceraient les \u00e9tangs ext\u00e9rieurs traditionnels. L&rsquo;application industrielle a r\u00e9ussi \u00e0 atteindre une production d&rsquo;argile suffisante pour alimenter les principales usines et ateliers de poterie devenant ainsi le premier fabricant en Europe.<\/p>\n<p>[\/vc_column_text][\/vc_column][\/vc_row][vc_row css=\u00a0\u00bb.vc_custom_1611751839890{margin-top: 50px !important;margin-bottom: 50px !important;}\u00a0\u00bb][vc_column][vc_single_image image=\u00a0\u00bb3402&Prime; img_size=\u00a0\u00bbfull\u00a0\u00bb alignment=\u00a0\u00bbcenter\u00a0\u00bb][\/vc_column][\/vc_row][vc_row css=\u00a0\u00bb.vc_custom_1611751856761{margin-top: 50px !important;}\u00a0\u00bb][vc_column][vc_column_text]<\/p>\n<h3>Ann\u00e9es 80.<\/h3>\n<p class=\"poligaletesp\">En 1987, une nouvelle usine a \u00e9t\u00e9 construite pour la fabrication d&rsquo;argile \u00e0 travers de l&rsquo;argile broy\u00e9e \u00e0 travers un moulin pendulaire, donnant ainsi naissance \u00e0 notre premi\u00e8re grande marque, le CLAY PEN. L&rsquo;acceptation sur les march\u00e9s g\u00e9n\u00e8re une demande.<\/p>\n<h3>Ann\u00e9es 90.<\/h3>\n<p class=\"poligaletesp\">Poursuivant un processus de croissance, en 1994, notre boue r\u00e9fractaire est n\u00e9e. L&rsquo;entreprise investit dans l&rsquo;usine afin de modifier certains d\u00e9tails. La d\u00e9cision \u00e9tait claire, le mat\u00e9riau c\u00e9ramique r\u00e9sistant au feu devait \u00eatre incorpor\u00e9 dans notre production. L&rsquo;\u00e9volution de la qualit\u00e9 des p\u00e2tes et les possibilit\u00e9s infinies des nouvelles technologies ont \u00e9t\u00e9 une direction claire pour l&rsquo;avenir de la c\u00e9ramique et de l&rsquo;entreprise.<\/p>\n<h3>L\u2019actualit\u00e9<\/h3>\n<p class=\"poligaletesp\">Argiles Colades, S.A. a la capacit\u00e9 de produire plus de six diff\u00e9rents types d\u2019argile.<\/p>\n<p><p class=\"poligaletesp\">Notre engagement, \u00e0 fournir un produit de qualit\u00e9 ainsi qu\u2019un service appropri\u00e9 aux diff\u00e9rents besoins de nos clients, est pr\u00e9cis et transparent. Cet engagement et l\u2019effort humain font partie de la politique de qualit\u00e9 de l\u2019entreprise. C\u2019est pour cela que l\u2019\u00e9volution de la qualit\u00e9 des p\u00e2tes et les possibilit\u00e9s infinies gr\u00e2ce aux nouvelles technologies sont une direction trouv\u00e9e pour l\u2019avenir du projet et de la c\u00e9ramique.<\/p>\n<p>[\/vc_column_text][\/vc_column][\/vc_row]<\/p>\n","protected":false},"excerpt":{"rendered":"<p>[vc_row][vc_column][vc_column_text] 1967 Le d\u00e9but. Le temps:Dans les ann\u00e9es 60, au milieu du XX\u00e8me si\u00e8cle, Agiles Colades S.A. nait en 1967. C\u2019est l\u2019histoire d\u2019une entreprise familiale qui remonte aux usines c\u00e9ramiques de La Bisbal d\u2019Empord\u00e0 (G\u00e9rone). Une r\u00e9elle tradition c\u00e9ramique existe dans la population et on peut observer, dans la ville, un grand nombre d\u2019ateliers artisanaux [&hellip;]<\/p>\n","protected":false},"author":1,"featured_media":5018,"parent":0,"menu_order":0,"comment_status":"closed","ping_status":"closed","template":"","meta":[],"categories":[],"tags":[],"_links":{"self":[{"href":"https:\/\/argilescolades.com\/fr\/wp-json\/wp\/v2\/pages\/5938"}],"collection":[{"href":"https:\/\/argilescolades.com\/fr\/wp-json\/wp\/v2\/pages"}],"about":[{"href":"https:\/\/argilescolades.com\/fr\/wp-json\/wp\/v2\/types\/page"}],"author":[{"embeddable":true,"href":"https:\/\/argilescolades.com\/fr\/wp-json\/wp\/v2\/users\/1"}],"replies":[{"embeddable":true,"href":"https:\/\/argilescolades.com\/fr\/wp-json\/wp\/v2\/comments?post=5938"}],"version-history":[{"count":2,"href":"https:\/\/argilescolades.com\/fr\/wp-json\/wp\/v2\/pages\/5938\/revisions"}],"predecessor-version":[{"id":5940,"href":"https:\/\/argilescolades.com\/fr\/wp-json\/wp\/v2\/pages\/5938\/revisions\/5940"}],"wp:featuredmedia":[{"embeddable":true,"href":"https:\/\/argilescolades.com\/fr\/wp-json\/wp\/v2\/media\/5018"}],"wp:attachment":[{"href":"https:\/\/argilescolades.com\/fr\/wp-json\/wp\/v2\/media?parent=5938"}],"wp:term":[{"taxonomy":"category","embeddable":true,"href":"https:\/\/argilescolades.com\/fr\/wp-json\/wp\/v2\/categories?post=5938"},{"taxonomy":"post_tag","embeddable":true,"href":"https:\/\/argilescolades.com\/fr\/wp-json\/wp\/v2\/tags?post=5938"}],"curies":[{"name":"wp","href":"https:\/\/api.w.org\/{rel}","templated":true}]}}