{"id":5941,"date":"2021-03-25T17:41:27","date_gmt":"2021-03-25T17:41:27","guid":{"rendered":"http:\/\/argilescolades.com\/contacter\/"},"modified":"2021-03-29T07:25:17","modified_gmt":"2021-03-29T07:25:17","slug":"contacter","status":"publish","type":"page","link":"https:\/\/argilescolades.com\/fr\/contacter\/","title":{"rendered":"CONTACTER"},"content":{"rendered":"<p>[vc_row][vc_column][vc_gmaps link=\u00a0\u00bb#E-8_JTNDaWZyYW1lJTIwc3JjJTNEJTIyaHR0cHMlM0ElMkYlMkZ3d3cuZ29vZ2xlLmNvbSUyRm1hcHMlMkZlbWJlZCUzRnBiJTNEJTIxMW0xOCUyMTFtMTIlMjExbTMlMjExZDI5NjYuMTUyNjk4NDUyNTczNSUyMTJkMy4wMjI4OTE3MTA5OTk2NDc2JTIxM2Q0MS45NzU1MzExOTI1MTU1MSUyMTJtMyUyMTFmMCUyMTJmMCUyMTNmMCUyMTNtMiUyMTFpMTAyNCUyMTJpNzY4JTIxNGYxMy4xJTIxM20zJTIxMW0yJTIxMXMweDEyYmFmOTVlYTFhNzFlNDklMjUzQTB4NDhjZTJkODg1ZDcyODE4YSUyMTJzQVJHSUxFUyUyQkNPTEFERVMlMkJTLkEuJTIxNWUwJTIxM20yJTIxMXNjYSUyMTJzZXMlMjE0djE1MjAyNjY4NDI3NDElMjIlMjB3aWR0aCUzRCUyMjYwMCUyMiUyMGhlaWdodCUzRCUyMjQ1MCUyMiUyMGZyYW1lYm9yZGVyJTNEJTIyMCUyMiUyMHN0eWxlJTNEJTIyYm9yZGVyJTNBMCUyMiUyMGFsbG93ZnVsbHNjcmVlbiUzRSUzQyUyRmlmcmFtZSUzRQ==\u00a0\u00bb][vc_column_text css=\u00a0\u00bb.vc_custom_1611834721479{margin-top: 50px !important;}\u00a0\u00bb]<\/p>\n<h2>Informations de contact<\/h2>\n<p class=\"poligaletesp\"><b>O\u00f9: <\/b>Crta. C-66 km 12, P.I. Rissec Sud &#8211; Avinguda Puntu\u00ed n\u00ba33, Cor\u00e7a, Girona<\/p>\n<p class=\"poligaletesp\"><b>T\u00e9l\u00e9phone fixe: <\/b><a href=\"tel:972630102\" target=\"_blank\" rel=\"nofollow noreferrer noopener\">972630102<\/a> &#8211; Vous pouvez nous contacter par WhatsApp: <img style=\"margin-right: 5px;\" src=\"http:\/\/argilescolades.com\/wp-content\/uploads\/2021\/01\/whatsapp.png\" width=\"20px;\" \/><a href=https:\/\/wa.me\/34603016252\" target=\"_blank\" rel=\"nofollow noreferrer noopener\">603016252<\/a><\/p>\n<h3>Coordonn\u00e9es:<\/h3>\n<p class=\"poligaletesp\"><strong>Latitude<\/strong>: 41.975332 (41\u00ba 58&prime; 31.19&Prime; N)<\/p>\n<p class=\"poligaletesp\"><strong>Longueux<\/strong>: 3.022023 (3\u00ba 1&prime; 19.28&Prime; E)<\/p>\n<p>[\/vc_column_text][\/vc_column][\/vc_row][vc_row full_width=\u00a0\u00bbstretch_row\u00a0\u00bb parallax=\u00a0\u00bbcontent-moving\u00a0\u00bb parallax_image=\u00a0\u00bb183&Prime; cms_row_class=\u00a0\u00bbrow-overlay\u00a0\u00bb background_overlay_color=\u00a0\u00bbyes\u00a0\u00bb css=\u00a0\u00bb.vc_custom_1611759124045{margin-top: 50px !important;padding-top: 86px !important;padding-bottom: 90px !important;background-color: rgba(26,26,26,0.85) !important;background-position: 0 0;background-repeat:-repeat !important;*background-color: rgb(26,26,26) !important;}\u00a0\u00bb row_overlay_color=\u00a0\u00bbrgba(27,26,26,0.86)\u00a0\u00bb][vc_column][cms_heading hd_subtitle=\u00a0\u00bbFaites-nous\u00a0\u00bb subtitle_color=\u00a0\u00bb#e5e4e4&Prime; hd_title=\u00a0\u00bbVOTRE DEMANDE\u00a0\u00bb title_color=\u00a0\u00bb#ffffff\u00a0\u00bb hd_description=\u00a0\u00bbContactez-nous et nous vous aiderons dans les plus brefs d\u00e9lais.\u00a0\u00bb description_color=\u00a0\u00bb#ffffff\u00a0\u00bb text_color=\u00a0\u00bb#ffffff\u00a0\u00bb cms_template=\u00a0\u00bbcms_heading.php\u00a0\u00bb][vc_empty_space height=\u00a0\u00bb42px\u00a0\u00bb]<div role=\"form\" class=\"wpcf7\" id=\"wpcf7-f5887-o1\" lang=\"fr-FR\" dir=\"ltr\">\n<div class=\"screen-reader-response\"><p role=\"status\" aria-live=\"polite\" aria-atomic=\"true\"><\/p> <ul><\/ul><\/div>\n<form action=\"\/fr\/wp-json\/wp\/v2\/pages\/5941#wpcf7-f5887-o1\" method=\"post\" class=\"wpcf7-form init\" novalidate=\"novalidate\" data-status=\"init\">\n<div style=\"display: none;\">\n<input type=\"hidden\" name=\"_wpcf7\" value=\"5887\" \/>\n<input type=\"hidden\" name=\"_wpcf7_version\" value=\"5.4.2\" \/>\n<input type=\"hidden\" name=\"_wpcf7_locale\" value=\"fr_FR\" \/>\n<input type=\"hidden\" name=\"_wpcf7_unit_tag\" value=\"wpcf7-f5887-o1\" \/>\n<input type=\"hidden\" name=\"_wpcf7_container_post\" value=\"0\" \/>\n<input type=\"hidden\" name=\"_wpcf7_posted_data_hash\" value=\"\" \/>\n<input type=\"hidden\" name=\"_wpcf7_recaptcha_response\" value=\"\" \/>\n<\/div>\n<div class=\"form-practice\">\n<div class=\"row\">\n<div class=\"col-xs-12 col-sm-6 col-md-6 col-lg-6\">\n<div class=\"wpcf7-form-item\"><span class=\"wpcf7-form-control-wrap text-744\"><input type=\"text\" name=\"text-744\" value=\"\" size=\"40\" class=\"wpcf7-form-control wpcf7-text\" aria-invalid=\"false\" placeholder=\"NOM\" \/><\/span><\/div>\n<\/div>\n<div class=\"col-xs-12 col-sm-6 col-md-6 col-lg-6\">\n<div class=\"wpcf7-form-item\"><span class=\"wpcf7-form-control-wrap email\"><input type=\"email\" name=\"email\" value=\"\" size=\"40\" class=\"wpcf7-form-control wpcf7-text wpcf7-email wpcf7-validates-as-required wpcf7-validates-as-email\" aria-required=\"true\" aria-invalid=\"false\" placeholder=\"EMAIL\" \/><\/span><\/div>\n<\/div>\n<\/div>\n<div class=\"row\">\n<div class=\"col-xs-12 col-sm-12 col-md-12 col-lg-12 clearfix\">\n<div class=\"wpcf7-form-item\"><span class=\"wpcf7-form-control-wrap message\"><textarea name=\"message\" cols=\"40\" rows=\"10\" class=\"wpcf7-form-control wpcf7-textarea wpcf7-validates-as-required\" aria-required=\"true\" aria-invalid=\"false\" placeholder=\"MESSAGE\"><\/textarea><\/span><\/div>\n<\/div>\n<div class=\"col-xs-12 col-sm-12 col-md-12 col-lg-12 clearfix\">\n<div class=\"wpcf7-form-item\"><span class=\"wpcf7-form-control-wrap acceptance-503\"><span class=\"wpcf7-form-control wpcf7-acceptance optional\"><span class=\"wpcf7-list-item\"><label><input type=\"checkbox\" name=\"acceptance-503\" value=\"1\" aria-invalid=\"false\" \/><span class=\"wpcf7-list-item-label\">J'ai lu et j'accepte la <a href=\"http:\/\/argilescolades.com\/politica-de-privadesa\" rel=\"noopener nofollow noreferrer\" target=\"_blank\">politique de confidentialit\u00e9<\/a><\/span><\/label><\/span><\/span><\/span><\/div>\n<\/div>\n<div class=\"col-xs-12 col-sm-12 col-md-12 col-lg-12 clearfix\" style=\"margin-bottom:30px;\">\n<span class=\"wpcf7-form-control-wrap recaptcha\" data-name=\"recaptcha\"><span data-sitekey=\"6Lf5dzcaAAAAALLwxidEZEIDh7MCKRoJzwMCQOmR\" class=\"wpcf7-form-control g-recaptcha wpcf7-recaptcha\"><\/span>\r\n<noscript>\r\n\t<div class=\"grecaptcha-noscript\">\r\n\t\t<iframe src=\"https:\/\/www.google.com\/recaptcha\/api\/fallback?k=6Lf5dzcaAAAAALLwxidEZEIDh7MCKRoJzwMCQOmR\" frameborder=\"0\" scrolling=\"no\" width=\"310\" height=\"430\">\r\n\t\t<\/iframe>\r\n\t\t<textarea name=\"g-recaptcha-response\" rows=\"3\" cols=\"40\" placeholder=\"reCaptcha Response Here\">\r\n\t\t<\/textarea>\r\n\t<\/div>\r\n<\/noscript>\r\n<\/span>\n<\/div>\n<\/div>\n<div class=\"row\">\n<div class=\"col-xs-12 col-sm-4 col-md-3 col-lg-3\" style=\"padding-right: 30px;\">\n             <input type=\"submit\" value=\"Envoyer\" class=\"wpcf7-form-control wpcf7-submit btn btn-primary btn-lg\" \/>\n      <\/div>\n<\/div>\n<\/div>\n<div class=\"wpcf7-response-output\" aria-hidden=\"true\"><\/div><\/form><\/div>[\/vc_column][\/vc_row]<\/p>\n","protected":false},"excerpt":{"rendered":"<p>[vc_row][vc_column][vc_gmaps link=\u00a0\u00bb#E-8_JTNDaWZyYW1lJTIwc3JjJTNEJTIyaHR0cHMlM0ElMkYlMkZ3d3cuZ29vZ2xlLmNvbSUyRm1hcHMlMkZlbWJlZCUzRnBiJTNEJTIxMW0xOCUyMTFtMTIlMjExbTMlMjExZDI5NjYuMTUyNjk4NDUyNTczNSUyMTJkMy4wMjI4OTE3MTA5OTk2NDc2JTIxM2Q0MS45NzU1MzExOTI1MTU1MSUyMTJtMyUyMTFmMCUyMTJmMCUyMTNmMCUyMTNtMiUyMTFpMTAyNCUyMTJpNzY4JTIxNGYxMy4xJTIxM20zJTIxMW0yJTIxMXMweDEyYmFmOTVlYTFhNzFlNDklMjUzQTB4NDhjZTJkODg1ZDcyODE4YSUyMTJzQVJHSUxFUyUyQkNPTEFERVMlMkJTLkEuJTIxNWUwJTIxM20yJTIxMXNjYSUyMTJzZXMlMjE0djE1MjAyNjY4NDI3NDElMjIlMjB3aWR0aCUzRCUyMjYwMCUyMiUyMGhlaWdodCUzRCUyMjQ1MCUyMiUyMGZyYW1lYm9yZGVyJTNEJTIyMCUyMiUyMHN0eWxlJTNEJTIyYm9yZGVyJTNBMCUyMiUyMGFsbG93ZnVsbHNjcmVlbiUzRSUzQyUyRmlmcmFtZSUzRQ==\u00a0\u00bb][vc_column_text css=\u00a0\u00bb.vc_custom_1611834721479{margin-top: 50px !important;}\u00a0\u00bb] Informations de contact O\u00f9: Crta. C-66 km 12, P.I. Rissec Sud &#8211; Avinguda Puntu\u00ed n\u00ba33, Cor\u00e7a, Girona T\u00e9l\u00e9phone fixe: 972630102 &#8211; Vous pouvez nous contacter par WhatsApp:<\/p>\n","protected":false},"author":1,"featured_media":0,"parent":0,"menu_order":0,"comment_status":"closed","ping_status":"closed","template":"","meta":[],"categories":[],"tags":[],"_links":{"self":[{"href":"https:\/\/argilescolades.com\/fr\/wp-json\/wp\/v2\/pages\/5941"}],"collection":[{"href":"https:\/\/argilescolades.com\/fr\/wp-json\/wp\/v2\/pages"}],"about":[{"href":"https:\/\/argilescolades.com\/fr\/wp-json\/wp\/v2\/types\/page"}],"author":[{"embeddable":true,"href":"https:\/\/argilescolades.com\/fr\/wp-json\/wp\/v2\/users\/1"}],"replies":[{"embeddable":true,"href":"https:\/\/argilescolades.com\/fr\/wp-json\/wp\/v2\/comments?post=5941"}],"version-history":[{"count":2,"href":"https:\/\/argilescolades.com\/fr\/wp-json\/wp\/v2\/pages\/5941\/revisions"}],"predecessor-version":[{"id":5979,"href":"https:\/\/argilescolades.com\/fr\/wp-json\/wp\/v2\/pages\/5941\/revisions\/5979"}],"wp:attachment":[{"href":"https:\/\/argilescolades.com\/fr\/wp-json\/wp\/v2\/media?parent=5941"}],"wp:term":[{"taxonomy":"category","embeddable":true,"href":"https:\/\/argilescolades.com\/fr\/wp-json\/wp\/v2\/categories?post=5941"},{"taxonomy":"post_tag","embeddable":true,"href":"https:\/\/argilescolades.com\/fr\/wp-json\/wp\/v2\/tags?post=5941"}],"curies":[{"name":"wp","href":"https:\/\/api.w.org\/{rel}","templated":true}]}}