{"id":5943,"date":"2021-03-25T18:00:30","date_gmt":"2021-03-25T18:00:30","guid":{"rendered":"http:\/\/argilescolades.com\/mortier-argilfibra\/"},"modified":"2022-08-29T11:56:14","modified_gmt":"2022-08-29T11:56:14","slug":"mortier-argilfibra","status":"publish","type":"page","link":"https:\/\/argilescolades.com\/fr\/mortier-argilfibra\/","title":{"rendered":"MORTIER ARGILFIBRA"},"content":{"rendered":"<p>[vc_row][vc_column][vc_column_text]<\/p>\n<h1 style=\"text-align: center;\">Mortier Argilfibra<\/h1>\n<p>[\/vc_column_text][vc_empty_space][\/vc_column][\/vc_row][vc_row][vc_column width=\u00a0\u00bb1\/4&Prime;][vc_single_image image=\u00a0\u00bb2886&Prime; img_size=\u00a0\u00bblarge\u00a0\u00bb alignment=\u00a0\u00bbcenter\u00a0\u00bb onclick=\u00a0\u00bbzoom\u00a0\u00bb][vc_empty_space][vc_text_separator title=\u00a0\u00bbNormal\u00a0\u00bb style=\u00a0\u00bbdashed\u00a0\u00bb][vc_empty_space][vc_empty_space][\/vc_column][vc_column width=\u00a0\u00bb1\/4&Prime;][vc_single_image image=\u00a0\u00bb2887&Prime; img_size=\u00a0\u00bblarge\u00a0\u00bb alignment=\u00a0\u00bbcenter\u00a0\u00bb onclick=\u00a0\u00bbzoom\u00a0\u00bb][vc_empty_space][vc_text_separator title=\u00a0\u00bb2\u00e8me couche granitique\u00a0\u00bb style=\u00a0\u00bbdashed\u00a0\u00bb][\/vc_column][vc_column width=\u00a0\u00bb1\/4&Prime;][vc_single_image image=\u00a0\u00bb2888&Prime; img_size=\u00a0\u00bblarge\u00a0\u00bb alignment=\u00a0\u00bbcenter\u00a0\u00bb onclick=\u00a0\u00bbzoom\u00a0\u00bb][vc_empty_space][vc_text_separator title=\u00a0\u00bbLes calcaires\u00a0\u00bb style=\u00a0\u00bbdashed\u00a0\u00bb][\/vc_column][vc_column width=\u00a0\u00bb1\/4&Prime;][vc_single_image image=\u00a0\u00bb2889&Prime; img_size=\u00a0\u00bblarge\u00a0\u00bb alignment=\u00a0\u00bbcenter\u00a0\u00bb onclick=\u00a0\u00bbzoom\u00a0\u00bb][vc_empty_space][vc_text_separator title=\u00a0\u00bbFibre\u00a0\u00bb style=\u00a0\u00bbdashed\u00a0\u00bb][\/vc_column][\/vc_row][vc_row][vc_column][vc_column_text]<\/p>\n<h3>Description<\/h3>\n<p class=\"poligaletesp\">Mortier \u00e0 base d\u2019argile et de fibres, \u00e0 utiliser dans rev\u00eatements continus.<\/p>\n<p class=\"poligaletesp\">Avec le mat\u00e9riau appliqu\u00e9 et s\u00e9ch\u00e9, le mur est perm\u00e9able \u00e0 la vapeur d\u2019eau et acquiert des propri\u00e9t\u00e9s de r\u00e9gulation de l\u2019humidit\u00e9 de la salle et une faible conductivit\u00e9 thermique.<\/p>\n<h3>Support<\/h3>\n<p class=\"poligaletesp\">Application sur Support poreux, c\u00e9ramique, bois, pl\u00e2tre, ciment\u2026<\/p>\n<p class=\"poligaletesp\">Pour les supports peu poreux, appliquer un mortier d\u2019union comme par exemple blanchir \u00e0 la chaux.<\/p>\n<p class=\"poligaletesp\">Les supports doivent \u00eatre exempts de poussi\u00e8re et de pi\u00e8ces susceptibles a se desserrer.<\/h3>\n<p class=\"poligaletesp\">Pour une application manuelle, il est n\u00e9cessaire d\u2019ajouter 20 \u00e0 23% d\u2019eau. Il est conseill\u00e9 d\u2019insister sur l\u2019agitation et le collage du produit afin d\u2019avoir une humidification uniforme du mortier.<\/p>\n<p class=\"poligaletesp\">Pour une application en machine, il est n\u00e9cessaire d\u2019ajouter 20% d\u2019eau.<br \/>\nEn cas de perte d\u2019eau, le produit peut \u00eatre remix\u00e9.<\/p>\n<h3>Fournir<\/h3>\n<p class=\"poligaletesp\">En sac papier de 20kg<\/p>\n<p class=\"poligaletesp\">En big bag de 1000-1100kg<\/p>\n<p>[\/vc_column_text][\/vc_column][\/vc_row][vc_row css=\u00a0\u00bb.vc_custom_1611749992261{margin-top: 50px !important;}\u00a0\u00bb][vc_column][vc_column_text]<\/p>\n<h2>Caract\u00e9ristiques techniques base+fibre<\/h2>\n<p class=\"poligaletesp\">Densit\u00e9 apparente: 890kg\/m3<\/p>\n<p class=\"poligaletesp\">Densit\u00e9 apparente du mortier: 1700kg\/m3<\/p>\n<p class=\"poligaletesp\">Rendement: 1,5Kg\/m2 x mm<\/p>\n<p class=\"poligaletesp\">R\u00e9sistance \u00e0 la compression: 1,39N\/mm2<\/p>\n<p class=\"poligaletesp\">R\u00e9sistance \u00e0 l\u2019adh\u00e9sion: 0,10N\/mm2<\/p>\n<p class=\"poligaletesp\">Conductivit\u00e9 thermique: 0,15m2 K\/W<\/p>\n<p class=\"poligaletesp\">Absorption de vapeur d\u2019eau: 95 g. agua\/m2 x cm<\/p>\n<p>[\/vc_column_text][\/vc_column][\/vc_row][vc_row][vc_column][vc_empty_space][vc_btn title=\u00a0\u00bbT\u00e9l\u00e9charger fichier\u00a0\u00bb color=\u00a0\u00bbblack\u00a0\u00bb align=\u00a0\u00bbcenter\u00a0\u00bb link=\u00a0\u00bburl:http%3A%2F%2Fargilescolades.com%2Fwp-content%2Fuploads%2F2022%2F08%2FMORTERO-ARGILFIBRA-FR_fitxa.pdf|target:_blank|\u00a0\u00bb][\/vc_column][\/vc_row]<\/p>\n","protected":false},"excerpt":{"rendered":"<p>[vc_row][vc_column][vc_column_text] Mortier Argilfibra [\/vc_column_text][vc_empty_space][\/vc_column][\/vc_row][vc_row][vc_column width=\u00a0\u00bb1\/4&Prime;][vc_single_image image=\u00a0\u00bb2886&Prime; img_size=\u00a0\u00bblarge\u00a0\u00bb alignment=\u00a0\u00bbcenter\u00a0\u00bb onclick=\u00a0\u00bbzoom\u00a0\u00bb][vc_empty_space][vc_text_separator title=\u00a0\u00bbNormal\u00a0\u00bb style=\u00a0\u00bbdashed\u00a0\u00bb][vc_empty_space][vc_empty_space][\/vc_column][vc_column width=\u00a0\u00bb1\/4&Prime;][vc_single_image image=\u00a0\u00bb2887&Prime; img_size=\u00a0\u00bblarge\u00a0\u00bb alignment=\u00a0\u00bbcenter\u00a0\u00bb onclick=\u00a0\u00bbzoom\u00a0\u00bb][vc_empty_space][vc_text_separator title=\u00a0\u00bb2\u00e8me couche granitique\u00a0\u00bb style=\u00a0\u00bbdashed\u00a0\u00bb][\/vc_column][vc_column width=\u00a0\u00bb1\/4&Prime;][vc_single_image image=\u00a0\u00bb2888&Prime; img_size=\u00a0\u00bblarge\u00a0\u00bb alignment=\u00a0\u00bbcenter\u00a0\u00bb onclick=\u00a0\u00bbzoom\u00a0\u00bb][vc_empty_space][vc_text_separator title=\u00a0\u00bbLes calcaires\u00a0\u00bb style=\u00a0\u00bbdashed\u00a0\u00bb][\/vc_column][vc_column width=\u00a0\u00bb1\/4&Prime;][vc_single_image image=\u00a0\u00bb2889&Prime; img_size=\u00a0\u00bblarge\u00a0\u00bb alignment=\u00a0\u00bbcenter\u00a0\u00bb onclick=\u00a0\u00bbzoom\u00a0\u00bb][vc_empty_space][vc_text_separator title=\u00a0\u00bbFibre\u00a0\u00bb style=\u00a0\u00bbdashed\u00a0\u00bb][\/vc_column][\/vc_row][vc_row][vc_column][vc_column_text] Description Mortier \u00e0 base d\u2019argile et de fibres, \u00e0 utiliser dans rev\u00eatements continus. Avec le mat\u00e9riau appliqu\u00e9 et s\u00e9ch\u00e9, le [&hellip;]<\/p>\n","protected":false},"author":1,"featured_media":5267,"parent":0,"menu_order":0,"comment_status":"closed","ping_status":"closed","template":"","meta":[],"categories":[123,122],"tags":[],"_links":{"self":[{"href":"https:\/\/argilescolades.com\/fr\/wp-json\/wp\/v2\/pages\/5943"}],"collection":[{"href":"https:\/\/argilescolades.com\/fr\/wp-json\/wp\/v2\/pages"}],"about":[{"href":"https:\/\/argilescolades.com\/fr\/wp-json\/wp\/v2\/types\/page"}],"author":[{"embeddable":true,"href":"https:\/\/argilescolades.com\/fr\/wp-json\/wp\/v2\/users\/1"}],"replies":[{"embeddable":true,"href":"https:\/\/argilescolades.com\/fr\/wp-json\/wp\/v2\/comments?post=5943"}],"version-history":[{"count":2,"href":"https:\/\/argilescolades.com\/fr\/wp-json\/wp\/v2\/pages\/5943\/revisions"}],"predecessor-version":[{"id":6031,"href":"https:\/\/argilescolades.com\/fr\/wp-json\/wp\/v2\/pages\/5943\/revisions\/6031"}],"wp:featuredmedia":[{"embeddable":true,"href":"https:\/\/argilescolades.com\/fr\/wp-json\/wp\/v2\/media\/5267"}],"wp:attachment":[{"href":"https:\/\/argilescolades.com\/fr\/wp-json\/wp\/v2\/media?parent=5943"}],"wp:term":[{"taxonomy":"category","embeddable":true,"href":"https:\/\/argilescolades.com\/fr\/wp-json\/wp\/v2\/categories?post=5943"},{"taxonomy":"post_tag","embeddable":true,"href":"https:\/\/argilescolades.com\/fr\/wp-json\/wp\/v2\/tags?post=5943"}],"curies":[{"name":"wp","href":"https:\/\/api.w.org\/{rel}","templated":true}]}}